{"id":1287,"date":"2019-01-27T21:17:57","date_gmt":"2019-01-27T20:17:57","guid":{"rendered":"http:\/\/locapial.org\/rallye-du-viaur\/?page_id=1287"},"modified":"2026-02-04T09:40:36","modified_gmt":"2026-02-04T08:40:36","slug":"dds-orientation-quesako","status":"publish","type":"page","link":"http:\/\/locapial.org\/rallye-du-viaur\/dds-orientation-quesako\/","title":{"rendered":"Parcours d&rsquo;orientation (PON) et Descente d\u00e9couverte sportive (DDS), qu\u00e9sako ?"},"content":{"rendered":"\n<div class=\"wp-block-stackable-spacer stk-block-spacer stk--no-padding stk-block stk-48aa3e6\" data-block-id=\"48aa3e6\"><\/div>\n\n\n\n<div class=\"wp-block-stackable-feature-grid alignfull stk-block-feature-grid stk-block-columns stk-block stk-c48ff78 is-style-default\" data-block-id=\"c48ff78\"><div class=\"stk-row stk-inner-blocks has-text-align-left stk-block-content stk-content-align stk-c48ff78-column alignwide\">\n<div class=\"wp-block-stackable-column stk-block-column stk-column stk-block stk-16a9b86\" data-v=\"4\" data-block-id=\"16a9b86\"><div class=\"stk-column-wrapper stk-block-column__content stk-container stk-16a9b86-container stk-hover-parent\"><div class=\"stk-block-content stk-inner-blocks stk-16a9b86-inner-blocks\">\n<div class=\"wp-block-stackable-heading stk-block-heading stk-block-heading--v2 stk-block stk-d5504e0\" id=\"la-descente-decouverte-sportive-dds\" data-block-id=\"d5504e0\"><h2 class=\"stk-block-heading__text stk-block-heading--use-theme-margins\">La Descente D\u00e9couverte Sportive (DDS)<\/h2><\/div>\n\n\n\n<figure class=\"wp-block-image alignwide size-full\"><img loading=\"lazy\" decoding=\"async\" width=\"553\" height=\"431\" src=\"http:\/\/locapial.org\/rallye-du-viaur\/wp-content\/uploads\/2025\/02\/image.png\" alt=\"\" class=\"wp-image-2580\" srcset=\"http:\/\/locapial.org\/rallye-du-viaur\/wp-content\/uploads\/2025\/02\/image.png 553w, http:\/\/locapial.org\/rallye-du-viaur\/wp-content\/uploads\/2025\/02\/image-300x234.png 300w\" sizes=\"auto, (max-width: 553px) 100vw, 553px\" \/><\/figure>\n\n\n\n<p>Vous n\u2019avez pas de contre-indication m\u00e9dicale, vous ne craignez pas d&rsquo;aller \u00e0 l&rsquo;eau, vous avez 15 ans et plus, mais sans ou peu de pratique de kayak en eaux vives*, alors vous pouvez y aller, la DDS est pour vous.<\/p>\n\n\n\n<p>Vous embarquerez sur un kayak biplace ouvert. Casque, gilet, pagaie, combinaison \u00e0 votre taille sont fournis. <strong><span style=\"color: #eb0303;\" class=\"stk-highlight\">Attention : chaussures ferm\u00e9es, coupe vent et pi\u00e8ce d&rsquo;identit\u00e9 sont obligatoires.<\/span><\/strong><\/p>\n\n\n\n<figure class=\"wp-block-image alignwide size-full\"><img loading=\"lazy\" decoding=\"async\" width=\"912\" height=\"538\" src=\"http:\/\/locapial.org\/rallye-du-viaur\/wp-content\/uploads\/2025\/02\/image-1.png\" alt=\"\" class=\"wp-image-2583\" srcset=\"http:\/\/locapial.org\/rallye-du-viaur\/wp-content\/uploads\/2025\/02\/image-1.png 912w, http:\/\/locapial.org\/rallye-du-viaur\/wp-content\/uploads\/2025\/02\/image-1-300x177.png 300w, http:\/\/locapial.org\/rallye-du-viaur\/wp-content\/uploads\/2025\/02\/image-1-768x453.png 768w\" sizes=\"auto, (max-width: 912px) 100vw, 912px\" \/><\/figure>\n\n\n\n<p>Vous aurez une petite formation avant le d\u00e9part, donn\u00e9e par les moniteurs brevet d\u2019Etat qui vous encadreront tout le long de votre navigation.<\/p>\n\n\n\n<p>Si la formule vous convient, <strong>n&rsquo;attendez pas pour vous inscrire<\/strong> car les places** sont limit\u00e9es.<\/p>\n\n\n\n<p>*eaux vives : puissance et difficult\u00e9s rencontr\u00e9es dans l&rsquo;\u00e9coulement de l&rsquo;eau de<br>rivi\u00e8re (voir page KAYAK classement rapides)<br>**places: 7 \u00e0 8 bateaux biplaces par moniteur soit 30 places maximum<\/p>\n<\/div><\/div><\/div>\n\n\n\n<div class=\"wp-block-stackable-column stk-block-column stk-column stk-block stk-34408a1\" data-v=\"4\" data-block-id=\"34408a1\"><div class=\"stk-column-wrapper stk-block-column__content stk-container stk-34408a1-container stk-hover-parent\"><div class=\"stk-block-content stk-inner-blocks stk-34408a1-inner-blocks\">\n<div class=\"wp-block-stackable-heading stk-block-heading stk-block-heading--v2 stk-block stk-42a694a\" id=\"le-parcours-dorientation\" data-block-id=\"42a694a\"><h2 class=\"stk-block-heading__text stk-block-heading--use-theme-margins\">Le Parcours d&rsquo;orientation <\/h2><\/div>\n\n\n\n<p>P.O.N. : Parcours d&rsquo;Orientation Nautique<\/p>\n\n\n\n<p>C\u2019est la sp\u00e9cialit\u00e9 du Rallye du Viaur. Parmi les 10 balises diss\u00e9min\u00e9es, trouvez les bonnes. Lisez bien la notice que vous verrez sur place, au d\u00e9part du rallye (\u00ab&nbsp;Ici&nbsp;\u00bb c\u2019est sur place)<\/p>\n\n\n\n<figure class=\"wp-block-image size-large\"><a href=\"https:\/\/locapial.org\/rallye-du-viaur\/wp-content\/uploads\/2025\/01\/Orientation.jpg\" target=\"_blank\" rel=\" noreferrer noopener\"><img loading=\"lazy\" decoding=\"async\" width=\"1024\" height=\"479\" src=\"http:\/\/locapial.org\/rallye-du-viaur\/wp-content\/uploads\/2025\/01\/Orientation-1024x479.jpg\" alt=\"Orientation\" class=\"wp-image-2541\" srcset=\"http:\/\/locapial.org\/rallye-du-viaur\/wp-content\/uploads\/2025\/01\/Orientation-1024x479.jpg 1024w, http:\/\/locapial.org\/rallye-du-viaur\/wp-content\/uploads\/2025\/01\/Orientation-300x140.jpg 300w, http:\/\/locapial.org\/rallye-du-viaur\/wp-content\/uploads\/2025\/01\/Orientation-768x359.jpg 768w, http:\/\/locapial.org\/rallye-du-viaur\/wp-content\/uploads\/2025\/01\/Orientation.jpg 1500w\" sizes=\"auto, (max-width: 1024px) 100vw, 1024px\" \/><\/a><\/figure>\n\n\n\n<p>Lisez bien la notice que vous verrez sur place, au d\u00e9part du rallye.<\/p>\n\n\n\n<figure class=\"wp-block-image size-large\"><img loading=\"lazy\" decoding=\"async\" width=\"724\" height=\"1024\" src=\"http:\/\/locapial.org\/rallye-du-viaur\/wp-content\/uploads\/2025\/01\/PON-VIAUR-724x1024.jpg\" alt=\"Orientation\" class=\"wp-image-2539\" srcset=\"http:\/\/locapial.org\/rallye-du-viaur\/wp-content\/uploads\/2025\/01\/PON-VIAUR-724x1024.jpg 724w, http:\/\/locapial.org\/rallye-du-viaur\/wp-content\/uploads\/2025\/01\/PON-VIAUR-212x300.jpg 212w, http:\/\/locapial.org\/rallye-du-viaur\/wp-content\/uploads\/2025\/01\/PON-VIAUR-768x1086.jpg 768w, http:\/\/locapial.org\/rallye-du-viaur\/wp-content\/uploads\/2025\/01\/PON-VIAUR-1086x1536.jpg 1086w, http:\/\/locapial.org\/rallye-du-viaur\/wp-content\/uploads\/2025\/01\/PON-VIAUR.jpg 1414w\" sizes=\"auto, (max-width: 724px) 100vw, 724px\" \/><\/figure>\n<\/div><\/div><\/div>\n<\/div><\/div>\n\n\n\n<h4 class=\"wp-block-heading\" id=\"canoe-kayak\">Cano\u00eb-Kayak<\/h4>\n\n\n\n<p>Classe II avec 3 passages classe III. <strong>Niveau pagaie jaune eaux vives conseill\u00e9<\/strong>. Ce rallye est ouvert \u00e0 tout.e licenci\u00e9.e de la F.F.C.K ou toute personne sportive qui sait nager. Les non adh\u00e9rents et non adh\u00e9rentes \u00e0 la FFCK doivent souscrire \u00e0 une assurance journali\u00e8re, la carte Loisir.<\/p>\n\n\n\n<p>Vous profiterez de cette journ\u00e9e pour d\u00e9couvrir les fameuses gorges de Flauzins de plus de 200 m de profondeur. C\u2019est un site sauvage o\u00f9 l\u2019on ne peut naviguer qu\u2019avec un niveau d\u2019eau suffisant. Pour ce rallye, EDF, nous octroie le l\u00e2cher d\u2019eau qui a \u00e9t\u00e9 sollicit\u00e9 par le <strong>Comit\u00e9 D\u00e9partemental Cano\u00eb Kayak du TARN (CDCK). Chaque club assure la s\u00e9curit\u00e9 de ses adh\u00e9rents<\/strong>. N\u2019oubliez pas : parcours d\u2019orientation propos\u00e9 avec plan &amp; 4 balises \u00e0 poin\u00e7onner.<\/p>\n\n\n\n<p><strong>R\u00e9servation avant le 22 avril 2026<\/strong> Encadr\u00e9e par un moniteur dipl\u00f4m\u00e9, bateau, casque, gilet et pagaie fournis. Pour sportifs de 15 ans et plus, <strong><span style=\"color: #eb0303;\" class=\"stk-highlight\">chaussures ferm\u00e9es, coupe vent et pi\u00e8ce d&rsquo;identit\u00e9 sont obligatoires<\/span><\/strong>.<\/p>\n\n\n\n<p><\/p>\n\n\n\n<p><\/p>\n<style class=\"advgb-styles-renderer\">.stk-48aa3e6 {height:50px !important;}.stk-16a9b86-container{box-shadow:0px 2px 20px #99999933 !important;}.stk-d5504e0 .stk-block-heading__text{font-size:32px !important;font-weight:bold !important;font-family:\"Lato\", Sans-serif !important;}@media screen and (max-width:999px){.stk-d5504e0 .stk-block-heading__text{font-size:32px !important;}}.stk-34408a1-container{box-shadow:0px 2px 20px #99999933 !important;}.stk-42a694a .stk-block-heading__text{font-size:32px !important;font-weight:bold !important;font-family:\"Lato\", Sans-serif !important;}@media screen and (max-width:999px){.stk-42a694a .stk-block-heading__text{font-size:32px !important;}}<\/style>","protected":false},"excerpt":{"rendered":"<p>La Descente D\u00e9couverte Sportive (DDS) Vous n\u2019avez pas de contre-indication m\u00e9dicale, vous ne craignez pas d&rsquo;aller \u00e0 l&rsquo;eau, vous avez 15 ans et plus, mais sans ou peu de pratique de kayak en eaux vives*, alors vous pouvez y aller, la DDS est pour vous. Vous embarquerez sur un kayak biplace ouvert. Casque, gilet, pagaie, [&hellip;]<\/p>\n","protected":false},"author":1,"featured_media":0,"parent":0,"menu_order":0,"comment_status":"closed","ping_status":"closed","template":"","meta":{"_gspb_post_css":"","advgb_blocks_editor_width":"","advgb_blocks_columns_visual_guide":"","footnotes":""},"class_list":["post-1287","page","type-page","status-publish","hentry"],"blocksy_meta":{"styles_descriptor":{"styles":{"desktop":"","tablet":"","mobile":""},"google_fonts":[],"version":6}},"yoast_head":"<!-- This site is optimized with the Yoast SEO plugin v27.4 - https:\/\/yoast.com\/product\/yoast-seo-wordpress\/ -->\n<title>Parcours d&#039;orientation (PON) et Descente d\u00e9couverte sportive (DDS), qu\u00e9sako ? - Le Rallye du Viaur<\/title>\n<meta name=\"robots\" content=\"index, follow, max-snippet:-1, max-image-preview:large, max-video-preview:-1\" \/>\n<link rel=\"canonical\" href=\"http:\/\/locapial.org\/rallye-du-viaur\/dds-orientation-quesako\/\" \/>\n<meta property=\"og:locale\" content=\"fr_FR\" \/>\n<meta property=\"og:type\" content=\"article\" \/>\n<meta property=\"og:title\" content=\"Parcours d&#039;orientation (PON) et Descente d\u00e9couverte sportive (DDS), qu\u00e9sako ? - Le Rallye du Viaur\" \/>\n<meta property=\"og:description\" content=\"La Descente D\u00e9couverte Sportive (DDS) Vous n\u2019avez pas de contre-indication m\u00e9dicale, vous ne craignez pas d&rsquo;aller \u00e0 l&rsquo;eau, vous avez 15 ans et plus, mais sans ou peu de pratique de kayak en eaux vives*, alors vous pouvez y aller, la DDS est pour vous. Vous embarquerez sur un kayak biplace ouvert. Casque, gilet, pagaie, [&hellip;]\" \/>\n<meta property=\"og:url\" content=\"http:\/\/locapial.org\/rallye-du-viaur\/dds-orientation-quesako\/\" \/>\n<meta property=\"og:site_name\" content=\"Le Rallye du Viaur\" \/>\n<meta property=\"article:publisher\" content=\"https:\/\/www.facebook.com\/locapial\/\" \/>\n<meta property=\"article:modified_time\" content=\"2026-02-04T08:40:36+00:00\" \/>\n<meta property=\"og:image\" content=\"http:\/\/locapial.org\/rallye-du-viaur\/wp-content\/uploads\/2025\/02\/image.png\" \/>\n<meta name=\"twitter:card\" content=\"summary_large_image\" \/>\n<meta name=\"twitter:site\" content=\"@LoCapial\" \/>\n<meta name=\"twitter:label1\" content=\"Dur\u00e9e de lecture estim\u00e9e\" \/>\n\t<meta name=\"twitter:data1\" content=\"3 minutes\" \/>\n<script type=\"application\/ld+json\" class=\"yoast-schema-graph\">{\"@context\":\"https:\\\/\\\/schema.org\",\"@graph\":[{\"@type\":\"WebPage\",\"@id\":\"http:\\\/\\\/locapial.org\\\/rallye-du-viaur\\\/dds-orientation-quesako\\\/\",\"url\":\"http:\\\/\\\/locapial.org\\\/rallye-du-viaur\\\/dds-orientation-quesako\\\/\",\"name\":\"Parcours d'orientation (PON) et Descente d\u00e9couverte sportive (DDS), qu\u00e9sako ? - Le Rallye du Viaur\",\"isPartOf\":{\"@id\":\"https:\\\/\\\/locapial.org\\\/rallye-du-viaur\\\/#website\"},\"primaryImageOfPage\":{\"@id\":\"http:\\\/\\\/locapial.org\\\/rallye-du-viaur\\\/dds-orientation-quesako\\\/#primaryimage\"},\"image\":{\"@id\":\"http:\\\/\\\/locapial.org\\\/rallye-du-viaur\\\/dds-orientation-quesako\\\/#primaryimage\"},\"thumbnailUrl\":\"http:\\\/\\\/locapial.org\\\/rallye-du-viaur\\\/wp-content\\\/uploads\\\/2025\\\/02\\\/image.png\",\"datePublished\":\"2019-01-27T20:17:57+00:00\",\"dateModified\":\"2026-02-04T08:40:36+00:00\",\"breadcrumb\":{\"@id\":\"http:\\\/\\\/locapial.org\\\/rallye-du-viaur\\\/dds-orientation-quesako\\\/#breadcrumb\"},\"inLanguage\":\"fr-FR\",\"potentialAction\":[{\"@type\":\"ReadAction\",\"target\":[\"http:\\\/\\\/locapial.org\\\/rallye-du-viaur\\\/dds-orientation-quesako\\\/\"]}]},{\"@type\":\"ImageObject\",\"inLanguage\":\"fr-FR\",\"@id\":\"http:\\\/\\\/locapial.org\\\/rallye-du-viaur\\\/dds-orientation-quesako\\\/#primaryimage\",\"url\":\"http:\\\/\\\/locapial.org\\\/rallye-du-viaur\\\/wp-content\\\/uploads\\\/2025\\\/02\\\/image.png\",\"contentUrl\":\"http:\\\/\\\/locapial.org\\\/rallye-du-viaur\\\/wp-content\\\/uploads\\\/2025\\\/02\\\/image.png\",\"width\":553,\"height\":431},{\"@type\":\"BreadcrumbList\",\"@id\":\"http:\\\/\\\/locapial.org\\\/rallye-du-viaur\\\/dds-orientation-quesako\\\/#breadcrumb\",\"itemListElement\":[{\"@type\":\"ListItem\",\"position\":1,\"name\":\"Accueil\",\"item\":\"https:\\\/\\\/locapial.org\\\/rallye-du-viaur\\\/\"},{\"@type\":\"ListItem\",\"position\":2,\"name\":\"Parcours d&rsquo;orientation (PON) et Descente d\u00e9couverte sportive (DDS), qu\u00e9sako ?\"}]},{\"@type\":\"WebSite\",\"@id\":\"https:\\\/\\\/locapial.org\\\/rallye-du-viaur\\\/#website\",\"url\":\"https:\\\/\\\/locapial.org\\\/rallye-du-viaur\\\/\",\"name\":\"Le Rallye du Viaur\",\"description\":\"\",\"publisher\":{\"@id\":\"https:\\\/\\\/locapial.org\\\/rallye-du-viaur\\\/#organization\"},\"potentialAction\":[{\"@type\":\"SearchAction\",\"target\":{\"@type\":\"EntryPoint\",\"urlTemplate\":\"https:\\\/\\\/locapial.org\\\/rallye-du-viaur\\\/?s={search_term_string}\"},\"query-input\":{\"@type\":\"PropertyValueSpecification\",\"valueRequired\":true,\"valueName\":\"search_term_string\"}}],\"inLanguage\":\"fr-FR\"},{\"@type\":\"Organization\",\"@id\":\"https:\\\/\\\/locapial.org\\\/rallye-du-viaur\\\/#organization\",\"name\":\"Lo Capial\",\"url\":\"https:\\\/\\\/locapial.org\\\/rallye-du-viaur\\\/\",\"logo\":{\"@type\":\"ImageObject\",\"inLanguage\":\"fr-FR\",\"@id\":\"https:\\\/\\\/locapial.org\\\/rallye-du-viaur\\\/#\\\/schema\\\/logo\\\/image\\\/\",\"url\":\"http:\\\/\\\/locapial.org\\\/rallye-du-viaur\\\/wp-content\\\/uploads\\\/2024\\\/11\\\/rallye-viaur.png\",\"contentUrl\":\"http:\\\/\\\/locapial.org\\\/rallye-du-viaur\\\/wp-content\\\/uploads\\\/2024\\\/11\\\/rallye-viaur.png\",\"width\":3401,\"height\":1202,\"caption\":\"Lo Capial\"},\"image\":{\"@id\":\"https:\\\/\\\/locapial.org\\\/rallye-du-viaur\\\/#\\\/schema\\\/logo\\\/image\\\/\"},\"sameAs\":[\"https:\\\/\\\/www.facebook.com\\\/locapial\\\/\",\"https:\\\/\\\/x.com\\\/LoCapial\",\"https:\\\/\\\/www.instagram.com\\\/locapial\\\/\",\"https:\\\/\\\/www.youtube.com\\\/channel\\\/UC4YYPurwxyGe_z6En37caOQ\"]}]}<\/script>\n<!-- \/ Yoast SEO plugin. -->","yoast_head_json":{"title":"Parcours d'orientation (PON) et Descente d\u00e9couverte sportive (DDS), qu\u00e9sako ? - Le Rallye du Viaur","robots":{"index":"index","follow":"follow","max-snippet":"max-snippet:-1","max-image-preview":"max-image-preview:large","max-video-preview":"max-video-preview:-1"},"canonical":"http:\/\/locapial.org\/rallye-du-viaur\/dds-orientation-quesako\/","og_locale":"fr_FR","og_type":"article","og_title":"Parcours d'orientation (PON) et Descente d\u00e9couverte sportive (DDS), qu\u00e9sako ? - Le Rallye du Viaur","og_description":"La Descente D\u00e9couverte Sportive (DDS) Vous n\u2019avez pas de contre-indication m\u00e9dicale, vous ne craignez pas d&rsquo;aller \u00e0 l&rsquo;eau, vous avez 15 ans et plus, mais sans ou peu de pratique de kayak en eaux vives*, alors vous pouvez y aller, la DDS est pour vous. Vous embarquerez sur un kayak biplace ouvert. Casque, gilet, pagaie, [&hellip;]","og_url":"http:\/\/locapial.org\/rallye-du-viaur\/dds-orientation-quesako\/","og_site_name":"Le Rallye du Viaur","article_publisher":"https:\/\/www.facebook.com\/locapial\/","article_modified_time":"2026-02-04T08:40:36+00:00","og_image":[{"url":"http:\/\/locapial.org\/rallye-du-viaur\/wp-content\/uploads\/2025\/02\/image.png","type":"","width":"","height":""}],"twitter_card":"summary_large_image","twitter_site":"@LoCapial","twitter_misc":{"Dur\u00e9e de lecture estim\u00e9e":"3 minutes"},"schema":{"@context":"https:\/\/schema.org","@graph":[{"@type":"WebPage","@id":"http:\/\/locapial.org\/rallye-du-viaur\/dds-orientation-quesako\/","url":"http:\/\/locapial.org\/rallye-du-viaur\/dds-orientation-quesako\/","name":"Parcours d'orientation (PON) et Descente d\u00e9couverte sportive (DDS), qu\u00e9sako ? - Le Rallye du Viaur","isPartOf":{"@id":"https:\/\/locapial.org\/rallye-du-viaur\/#website"},"primaryImageOfPage":{"@id":"http:\/\/locapial.org\/rallye-du-viaur\/dds-orientation-quesako\/#primaryimage"},"image":{"@id":"http:\/\/locapial.org\/rallye-du-viaur\/dds-orientation-quesako\/#primaryimage"},"thumbnailUrl":"http:\/\/locapial.org\/rallye-du-viaur\/wp-content\/uploads\/2025\/02\/image.png","datePublished":"2019-01-27T20:17:57+00:00","dateModified":"2026-02-04T08:40:36+00:00","breadcrumb":{"@id":"http:\/\/locapial.org\/rallye-du-viaur\/dds-orientation-quesako\/#breadcrumb"},"inLanguage":"fr-FR","potentialAction":[{"@type":"ReadAction","target":["http:\/\/locapial.org\/rallye-du-viaur\/dds-orientation-quesako\/"]}]},{"@type":"ImageObject","inLanguage":"fr-FR","@id":"http:\/\/locapial.org\/rallye-du-viaur\/dds-orientation-quesako\/#primaryimage","url":"http:\/\/locapial.org\/rallye-du-viaur\/wp-content\/uploads\/2025\/02\/image.png","contentUrl":"http:\/\/locapial.org\/rallye-du-viaur\/wp-content\/uploads\/2025\/02\/image.png","width":553,"height":431},{"@type":"BreadcrumbList","@id":"http:\/\/locapial.org\/rallye-du-viaur\/dds-orientation-quesako\/#breadcrumb","itemListElement":[{"@type":"ListItem","position":1,"name":"Accueil","item":"https:\/\/locapial.org\/rallye-du-viaur\/"},{"@type":"ListItem","position":2,"name":"Parcours d&rsquo;orientation (PON) et Descente d\u00e9couverte sportive (DDS), qu\u00e9sako ?"}]},{"@type":"WebSite","@id":"https:\/\/locapial.org\/rallye-du-viaur\/#website","url":"https:\/\/locapial.org\/rallye-du-viaur\/","name":"Le Rallye du Viaur","description":"","publisher":{"@id":"https:\/\/locapial.org\/rallye-du-viaur\/#organization"},"potentialAction":[{"@type":"SearchAction","target":{"@type":"EntryPoint","urlTemplate":"https:\/\/locapial.org\/rallye-du-viaur\/?s={search_term_string}"},"query-input":{"@type":"PropertyValueSpecification","valueRequired":true,"valueName":"search_term_string"}}],"inLanguage":"fr-FR"},{"@type":"Organization","@id":"https:\/\/locapial.org\/rallye-du-viaur\/#organization","name":"Lo Capial","url":"https:\/\/locapial.org\/rallye-du-viaur\/","logo":{"@type":"ImageObject","inLanguage":"fr-FR","@id":"https:\/\/locapial.org\/rallye-du-viaur\/#\/schema\/logo\/image\/","url":"http:\/\/locapial.org\/rallye-du-viaur\/wp-content\/uploads\/2024\/11\/rallye-viaur.png","contentUrl":"http:\/\/locapial.org\/rallye-du-viaur\/wp-content\/uploads\/2024\/11\/rallye-viaur.png","width":3401,"height":1202,"caption":"Lo Capial"},"image":{"@id":"https:\/\/locapial.org\/rallye-du-viaur\/#\/schema\/logo\/image\/"},"sameAs":["https:\/\/www.facebook.com\/locapial\/","https:\/\/x.com\/LoCapial","https:\/\/www.instagram.com\/locapial\/","https:\/\/www.youtube.com\/channel\/UC4YYPurwxyGe_z6En37caOQ"]}]}},"coauthors":[],"author_meta":{"author_link":"http:\/\/locapial.org\/rallye-du-viaur\/author\/administrateur\/","display_name":"administrateur"},"relative_dates":{"created":"Publi\u00e9 7 ans il y a","modified":"Mis \u00e0 jour 2 mois il y a"},"absolute_dates":{"created":"Publi\u00e9 le 27 janvier 2019","modified":"Mise \u00e0 jour le 4 f\u00e9vrier 2026"},"absolute_dates_time":{"created":"Publi\u00e9 le 27 janvier 2019 21 h 17 min","modified":"Mise \u00e0 jour le 4 f\u00e9vrier 2026 9 h 40 min"},"featured_img_caption":"","featured_img":false,"series_order":"","_links":{"self":[{"href":"http:\/\/locapial.org\/rallye-du-viaur\/wp-json\/wp\/v2\/pages\/1287","targetHints":{"allow":["GET"]}}],"collection":[{"href":"http:\/\/locapial.org\/rallye-du-viaur\/wp-json\/wp\/v2\/pages"}],"about":[{"href":"http:\/\/locapial.org\/rallye-du-viaur\/wp-json\/wp\/v2\/types\/page"}],"author":[{"embeddable":true,"href":"http:\/\/locapial.org\/rallye-du-viaur\/wp-json\/wp\/v2\/users\/1"}],"replies":[{"embeddable":true,"href":"http:\/\/locapial.org\/rallye-du-viaur\/wp-json\/wp\/v2\/comments?post=1287"}],"version-history":[{"count":26,"href":"http:\/\/locapial.org\/rallye-du-viaur\/wp-json\/wp\/v2\/pages\/1287\/revisions"}],"predecessor-version":[{"id":2699,"href":"http:\/\/locapial.org\/rallye-du-viaur\/wp-json\/wp\/v2\/pages\/1287\/revisions\/2699"}],"wp:attachment":[{"href":"http:\/\/locapial.org\/rallye-du-viaur\/wp-json\/wp\/v2\/media?parent=1287"}],"curies":[{"name":"wp","href":"https:\/\/api.w.org\/{rel}","templated":true}]}}