{"id":1332,"date":"2019-01-28T14:33:46","date_gmt":"2019-01-28T13:33:46","guid":{"rendered":"http:\/\/locapial.org\/rallye-du-viaur\/?page_id=1332"},"modified":"2025-02-04T14:23:26","modified_gmt":"2025-02-04T13:23:26","slug":"le-rallye-et-la-vallee","status":"publish","type":"page","link":"http:\/\/locapial.org\/rallye-du-viaur\/le-rallye-et-la-vallee\/","title":{"rendered":"Le Rallye et la vall\u00e9e"},"content":{"rendered":"\n<div class=\"wp-block-stackable-spacer stk-block-spacer stk--no-padding stk-block stk-bfc8c75\" data-block-id=\"bfc8c75\"><\/div>\n\n\n\n<div class=\"wp-block-stackable-feature alignwide stk-block-feature stk-block stk-63a167d is-style-default\" data-v=\"2\" data-block-id=\"63a167d\"><div class=\"stk-content-align stk-63a167d-column alignwide stk-container stk-63a167d-container stk--no-background stk--no-padding\"><div class=\"stk-inner-blocks stk-block-content stk-row\">\n<div class=\"wp-block-stackable-column stk-block-column stk-column stk-block stk-c1263cf\" data-v=\"4\" data-block-id=\"c1263cf\"><div class=\"stk-column-wrapper stk-block-column__content stk-container stk-c1263cf-container stk--no-background stk--no-padding\"><div class=\"has-text-align-center stk-block-content stk-inner-blocks stk-c1263cf-inner-blocks\">\n<div class=\"wp-block-stackable-heading stk-block-heading stk-block-heading--v2 stk-block stk-090a45f\" id=\"le-rallye-et-la-vallee\" data-block-id=\"090a45f\"><h2 class=\"stk-block-heading__text stk-block-heading--use-theme-margins\">Le Rallye et la vall\u00e9e<\/h2><\/div>\n\n\n\n<p class=\"has-text-align-left\">Le rallye est intimement li\u00e9 \u00e0 la lutte contre la disparition de ce tron\u00e7on de la vall\u00e9e du Viaur par noyade. Fin des ann\u00e9es 80, un barrage r\u00e9servoir \u00e9tait pr\u00e9vu pour r\u00e9guler les eaux de la Garonne. L\u2019association\u00a0Viaur<a href=\"http:\/\/viaur.vivant.pagesperso-orange.fr\/VIAUR\/TEXTES\/VV\/assoc.htm\" target=\"_blank\" rel=\"noreferrer noopener\"> <\/a>Vivant\u00a0a \u00e9t\u00e9 constitu\u00e9e pour combattre ce projet et tout autre projet qui d\u00e9t\u00e9riorerait la biodiversit\u00e9 du site. Le barrage ne s\u2019est pas fait et depuis il a \u00e9t\u00e9 entrepris de multiples actions de pr\u00e9servation et de valorisation de ce milieu sauvage.<\/p>\n\n\n\n<p class=\"has-text-align-left\">Le rallye s\u2019inscrit dans cet esprit et veut faire partager la beaut\u00e9 de cet environnement.<\/p>\n<\/div><\/div><\/div>\n\n\n\n<div class=\"wp-block-stackable-column stk-block-column stk-column stk-block stk-c18f9dd\" data-v=\"4\" data-block-id=\"c18f9dd\"><div class=\"stk-column-wrapper stk-block-column__content stk-container stk-c18f9dd-container stk--no-background stk--no-padding\"><div class=\"stk-block-content stk-inner-blocks stk-c18f9dd-inner-blocks\">\n<div class=\"wp-block-stackable-image stk-block-image stk-block stk-9193d92\" data-block-id=\"9193d92\"><figure><span class=\"stk-img-wrapper stk-image--shape-stretch\"><img loading=\"lazy\" decoding=\"async\" class=\"stk-img wp-image-1334\" src=\"http:\/\/locapial.org\/rallye-du-viaur\/wp-content\/uploads\/2019\/01\/vallee.jpg\" width=\"1000\" height=\"751\" alt=\"Vall\u00e9e du Viaur\" srcset=\"http:\/\/locapial.org\/rallye-du-viaur\/wp-content\/uploads\/2019\/01\/vallee.jpg 1000w, http:\/\/locapial.org\/rallye-du-viaur\/wp-content\/uploads\/2019\/01\/vallee-600x451.jpg 600w, http:\/\/locapial.org\/rallye-du-viaur\/wp-content\/uploads\/2019\/01\/vallee-300x225.jpg 300w, http:\/\/locapial.org\/rallye-du-viaur\/wp-content\/uploads\/2019\/01\/vallee-768x577.jpg 768w\" sizes=\"auto, (max-width: 1000px) 100vw, 1000px\" \/><\/span><\/figure><\/div>\n<\/div><\/div><\/div>\n<\/div><\/div><\/div>\n<style class=\"advgb-styles-renderer\">.stk-63a167d {--stk-feature-flex-wrap:nowrap !important;}.stk-c1263cf {align-self:center !important;}.stk-090a45f .stk-block-heading__text{font-weight:600 !important;font-family:\"Lato\", Sans-serif !important;}.stk-c18f9dd {align-self:center !important;}<\/style>","protected":false},"excerpt":{"rendered":"<p>Le Rallye et la vall\u00e9e Le rallye est intimement li\u00e9 \u00e0 la lutte contre la disparition de ce tron\u00e7on de la vall\u00e9e du Viaur par noyade. Fin des ann\u00e9es 80, un barrage r\u00e9servoir \u00e9tait pr\u00e9vu pour r\u00e9guler les eaux de la Garonne. L\u2019association\u00a0Viaur Vivant\u00a0a \u00e9t\u00e9 constitu\u00e9e pour combattre ce projet et tout autre projet qui [&hellip;]<\/p>\n","protected":false},"author":1,"featured_media":0,"parent":0,"menu_order":0,"comment_status":"closed","ping_status":"closed","template":"","meta":{"_gspb_post_css":"","advgb_blocks_editor_width":"","advgb_blocks_columns_visual_guide":"","footnotes":""},"class_list":["post-1332","page","type-page","status-publish","hentry"],"blocksy_meta":{"styles_descriptor":{"styles":{"desktop":"","tablet":"","mobile":""},"google_fonts":[],"version":6}},"yoast_head":"<!-- This site is optimized with the Yoast SEO plugin v27.4 - https:\/\/yoast.com\/product\/yoast-seo-wordpress\/ -->\n<title>Le Rallye et la vall\u00e9e - Le Rallye du Viaur<\/title>\n<meta name=\"robots\" content=\"index, follow, max-snippet:-1, max-image-preview:large, max-video-preview:-1\" \/>\n<link rel=\"canonical\" href=\"http:\/\/locapial.org\/rallye-du-viaur\/le-rallye-et-la-vallee\/\" \/>\n<meta property=\"og:locale\" content=\"fr_FR\" \/>\n<meta property=\"og:type\" content=\"article\" \/>\n<meta property=\"og:title\" content=\"Le Rallye et la vall\u00e9e - Le Rallye du Viaur\" \/>\n<meta property=\"og:description\" content=\"Le Rallye et la vall\u00e9e Le rallye est intimement li\u00e9 \u00e0 la lutte contre la disparition de ce tron\u00e7on de la vall\u00e9e du Viaur par noyade. Fin des ann\u00e9es 80, un barrage r\u00e9servoir \u00e9tait pr\u00e9vu pour r\u00e9guler les eaux de la Garonne. L\u2019association\u00a0Viaur Vivant\u00a0a \u00e9t\u00e9 constitu\u00e9e pour combattre ce projet et tout autre projet qui [&hellip;]\" \/>\n<meta property=\"og:url\" content=\"http:\/\/locapial.org\/rallye-du-viaur\/le-rallye-et-la-vallee\/\" \/>\n<meta property=\"og:site_name\" content=\"Le Rallye du Viaur\" \/>\n<meta property=\"article:publisher\" content=\"https:\/\/www.facebook.com\/locapial\/\" \/>\n<meta property=\"article:modified_time\" content=\"2025-02-04T13:23:26+00:00\" \/>\n<meta property=\"og:image\" content=\"http:\/\/locapial.org\/rallye-du-viaur\/wp-content\/uploads\/2019\/01\/vallee.jpg\" \/>\n<meta name=\"twitter:card\" content=\"summary_large_image\" \/>\n<meta name=\"twitter:site\" content=\"@LoCapial\" \/>\n<meta name=\"twitter:label1\" content=\"Dur\u00e9e de lecture estim\u00e9e\" \/>\n\t<meta name=\"twitter:data1\" content=\"1 minute\" \/>\n<script type=\"application\/ld+json\" class=\"yoast-schema-graph\">{\"@context\":\"https:\\\/\\\/schema.org\",\"@graph\":[{\"@type\":\"WebPage\",\"@id\":\"http:\\\/\\\/locapial.org\\\/rallye-du-viaur\\\/le-rallye-et-la-vallee\\\/\",\"url\":\"http:\\\/\\\/locapial.org\\\/rallye-du-viaur\\\/le-rallye-et-la-vallee\\\/\",\"name\":\"Le Rallye et la vall\u00e9e - Le Rallye du Viaur\",\"isPartOf\":{\"@id\":\"https:\\\/\\\/locapial.org\\\/rallye-du-viaur\\\/#website\"},\"primaryImageOfPage\":{\"@id\":\"http:\\\/\\\/locapial.org\\\/rallye-du-viaur\\\/le-rallye-et-la-vallee\\\/#primaryimage\"},\"image\":{\"@id\":\"http:\\\/\\\/locapial.org\\\/rallye-du-viaur\\\/le-rallye-et-la-vallee\\\/#primaryimage\"},\"thumbnailUrl\":\"http:\\\/\\\/locapial.org\\\/rallye-du-viaur\\\/wp-content\\\/uploads\\\/2019\\\/01\\\/vallee.jpg\",\"datePublished\":\"2019-01-28T13:33:46+00:00\",\"dateModified\":\"2025-02-04T13:23:26+00:00\",\"breadcrumb\":{\"@id\":\"http:\\\/\\\/locapial.org\\\/rallye-du-viaur\\\/le-rallye-et-la-vallee\\\/#breadcrumb\"},\"inLanguage\":\"fr-FR\",\"potentialAction\":[{\"@type\":\"ReadAction\",\"target\":[\"http:\\\/\\\/locapial.org\\\/rallye-du-viaur\\\/le-rallye-et-la-vallee\\\/\"]}]},{\"@type\":\"ImageObject\",\"inLanguage\":\"fr-FR\",\"@id\":\"http:\\\/\\\/locapial.org\\\/rallye-du-viaur\\\/le-rallye-et-la-vallee\\\/#primaryimage\",\"url\":\"http:\\\/\\\/locapial.org\\\/rallye-du-viaur\\\/wp-content\\\/uploads\\\/2019\\\/01\\\/vallee.jpg\",\"contentUrl\":\"http:\\\/\\\/locapial.org\\\/rallye-du-viaur\\\/wp-content\\\/uploads\\\/2019\\\/01\\\/vallee.jpg\",\"width\":1000,\"height\":751,\"caption\":\"Vall\u00e9e du Viaur\"},{\"@type\":\"BreadcrumbList\",\"@id\":\"http:\\\/\\\/locapial.org\\\/rallye-du-viaur\\\/le-rallye-et-la-vallee\\\/#breadcrumb\",\"itemListElement\":[{\"@type\":\"ListItem\",\"position\":1,\"name\":\"Accueil\",\"item\":\"https:\\\/\\\/locapial.org\\\/rallye-du-viaur\\\/\"},{\"@type\":\"ListItem\",\"position\":2,\"name\":\"Le Rallye et la vall\u00e9e\"}]},{\"@type\":\"WebSite\",\"@id\":\"https:\\\/\\\/locapial.org\\\/rallye-du-viaur\\\/#website\",\"url\":\"https:\\\/\\\/locapial.org\\\/rallye-du-viaur\\\/\",\"name\":\"Le Rallye du Viaur\",\"description\":\"\",\"publisher\":{\"@id\":\"https:\\\/\\\/locapial.org\\\/rallye-du-viaur\\\/#organization\"},\"potentialAction\":[{\"@type\":\"SearchAction\",\"target\":{\"@type\":\"EntryPoint\",\"urlTemplate\":\"https:\\\/\\\/locapial.org\\\/rallye-du-viaur\\\/?s={search_term_string}\"},\"query-input\":{\"@type\":\"PropertyValueSpecification\",\"valueRequired\":true,\"valueName\":\"search_term_string\"}}],\"inLanguage\":\"fr-FR\"},{\"@type\":\"Organization\",\"@id\":\"https:\\\/\\\/locapial.org\\\/rallye-du-viaur\\\/#organization\",\"name\":\"Lo Capial\",\"url\":\"https:\\\/\\\/locapial.org\\\/rallye-du-viaur\\\/\",\"logo\":{\"@type\":\"ImageObject\",\"inLanguage\":\"fr-FR\",\"@id\":\"https:\\\/\\\/locapial.org\\\/rallye-du-viaur\\\/#\\\/schema\\\/logo\\\/image\\\/\",\"url\":\"http:\\\/\\\/locapial.org\\\/rallye-du-viaur\\\/wp-content\\\/uploads\\\/2024\\\/11\\\/rallye-viaur.png\",\"contentUrl\":\"http:\\\/\\\/locapial.org\\\/rallye-du-viaur\\\/wp-content\\\/uploads\\\/2024\\\/11\\\/rallye-viaur.png\",\"width\":3401,\"height\":1202,\"caption\":\"Lo Capial\"},\"image\":{\"@id\":\"https:\\\/\\\/locapial.org\\\/rallye-du-viaur\\\/#\\\/schema\\\/logo\\\/image\\\/\"},\"sameAs\":[\"https:\\\/\\\/www.facebook.com\\\/locapial\\\/\",\"https:\\\/\\\/x.com\\\/LoCapial\",\"https:\\\/\\\/www.instagram.com\\\/locapial\\\/\",\"https:\\\/\\\/www.youtube.com\\\/channel\\\/UC4YYPurwxyGe_z6En37caOQ\"]}]}<\/script>\n<!-- \/ Yoast SEO plugin. -->","yoast_head_json":{"title":"Le Rallye et la vall\u00e9e - Le Rallye du Viaur","robots":{"index":"index","follow":"follow","max-snippet":"max-snippet:-1","max-image-preview":"max-image-preview:large","max-video-preview":"max-video-preview:-1"},"canonical":"http:\/\/locapial.org\/rallye-du-viaur\/le-rallye-et-la-vallee\/","og_locale":"fr_FR","og_type":"article","og_title":"Le Rallye et la vall\u00e9e - Le Rallye du Viaur","og_description":"Le Rallye et la vall\u00e9e Le rallye est intimement li\u00e9 \u00e0 la lutte contre la disparition de ce tron\u00e7on de la vall\u00e9e du Viaur par noyade. Fin des ann\u00e9es 80, un barrage r\u00e9servoir \u00e9tait pr\u00e9vu pour r\u00e9guler les eaux de la Garonne. L\u2019association\u00a0Viaur Vivant\u00a0a \u00e9t\u00e9 constitu\u00e9e pour combattre ce projet et tout autre projet qui [&hellip;]","og_url":"http:\/\/locapial.org\/rallye-du-viaur\/le-rallye-et-la-vallee\/","og_site_name":"Le Rallye du Viaur","article_publisher":"https:\/\/www.facebook.com\/locapial\/","article_modified_time":"2025-02-04T13:23:26+00:00","og_image":[{"url":"http:\/\/locapial.org\/rallye-du-viaur\/wp-content\/uploads\/2019\/01\/vallee.jpg","type":"","width":"","height":""}],"twitter_card":"summary_large_image","twitter_site":"@LoCapial","twitter_misc":{"Dur\u00e9e de lecture estim\u00e9e":"1 minute"},"schema":{"@context":"https:\/\/schema.org","@graph":[{"@type":"WebPage","@id":"http:\/\/locapial.org\/rallye-du-viaur\/le-rallye-et-la-vallee\/","url":"http:\/\/locapial.org\/rallye-du-viaur\/le-rallye-et-la-vallee\/","name":"Le Rallye et la vall\u00e9e - Le Rallye du Viaur","isPartOf":{"@id":"https:\/\/locapial.org\/rallye-du-viaur\/#website"},"primaryImageOfPage":{"@id":"http:\/\/locapial.org\/rallye-du-viaur\/le-rallye-et-la-vallee\/#primaryimage"},"image":{"@id":"http:\/\/locapial.org\/rallye-du-viaur\/le-rallye-et-la-vallee\/#primaryimage"},"thumbnailUrl":"http:\/\/locapial.org\/rallye-du-viaur\/wp-content\/uploads\/2019\/01\/vallee.jpg","datePublished":"2019-01-28T13:33:46+00:00","dateModified":"2025-02-04T13:23:26+00:00","breadcrumb":{"@id":"http:\/\/locapial.org\/rallye-du-viaur\/le-rallye-et-la-vallee\/#breadcrumb"},"inLanguage":"fr-FR","potentialAction":[{"@type":"ReadAction","target":["http:\/\/locapial.org\/rallye-du-viaur\/le-rallye-et-la-vallee\/"]}]},{"@type":"ImageObject","inLanguage":"fr-FR","@id":"http:\/\/locapial.org\/rallye-du-viaur\/le-rallye-et-la-vallee\/#primaryimage","url":"http:\/\/locapial.org\/rallye-du-viaur\/wp-content\/uploads\/2019\/01\/vallee.jpg","contentUrl":"http:\/\/locapial.org\/rallye-du-viaur\/wp-content\/uploads\/2019\/01\/vallee.jpg","width":1000,"height":751,"caption":"Vall\u00e9e du Viaur"},{"@type":"BreadcrumbList","@id":"http:\/\/locapial.org\/rallye-du-viaur\/le-rallye-et-la-vallee\/#breadcrumb","itemListElement":[{"@type":"ListItem","position":1,"name":"Accueil","item":"https:\/\/locapial.org\/rallye-du-viaur\/"},{"@type":"ListItem","position":2,"name":"Le Rallye et la vall\u00e9e"}]},{"@type":"WebSite","@id":"https:\/\/locapial.org\/rallye-du-viaur\/#website","url":"https:\/\/locapial.org\/rallye-du-viaur\/","name":"Le Rallye du Viaur","description":"","publisher":{"@id":"https:\/\/locapial.org\/rallye-du-viaur\/#organization"},"potentialAction":[{"@type":"SearchAction","target":{"@type":"EntryPoint","urlTemplate":"https:\/\/locapial.org\/rallye-du-viaur\/?s={search_term_string}"},"query-input":{"@type":"PropertyValueSpecification","valueRequired":true,"valueName":"search_term_string"}}],"inLanguage":"fr-FR"},{"@type":"Organization","@id":"https:\/\/locapial.org\/rallye-du-viaur\/#organization","name":"Lo Capial","url":"https:\/\/locapial.org\/rallye-du-viaur\/","logo":{"@type":"ImageObject","inLanguage":"fr-FR","@id":"https:\/\/locapial.org\/rallye-du-viaur\/#\/schema\/logo\/image\/","url":"http:\/\/locapial.org\/rallye-du-viaur\/wp-content\/uploads\/2024\/11\/rallye-viaur.png","contentUrl":"http:\/\/locapial.org\/rallye-du-viaur\/wp-content\/uploads\/2024\/11\/rallye-viaur.png","width":3401,"height":1202,"caption":"Lo Capial"},"image":{"@id":"https:\/\/locapial.org\/rallye-du-viaur\/#\/schema\/logo\/image\/"},"sameAs":["https:\/\/www.facebook.com\/locapial\/","https:\/\/x.com\/LoCapial","https:\/\/www.instagram.com\/locapial\/","https:\/\/www.youtube.com\/channel\/UC4YYPurwxyGe_z6En37caOQ"]}]}},"coauthors":[],"author_meta":{"author_link":"http:\/\/locapial.org\/rallye-du-viaur\/author\/administrateur\/","display_name":"administrateur"},"relative_dates":{"created":"Publi\u00e9 7 ans il y a","modified":"Mis \u00e0 jour 1 an il y a"},"absolute_dates":{"created":"Publi\u00e9 le 28 janvier 2019","modified":"Mise \u00e0 jour le 4 f\u00e9vrier 2025"},"absolute_dates_time":{"created":"Publi\u00e9 le 28 janvier 2019 14 h 33 min","modified":"Mise \u00e0 jour le 4 f\u00e9vrier 2025 14 h 23 min"},"featured_img_caption":"","featured_img":false,"series_order":"","_links":{"self":[{"href":"http:\/\/locapial.org\/rallye-du-viaur\/wp-json\/wp\/v2\/pages\/1332","targetHints":{"allow":["GET"]}}],"collection":[{"href":"http:\/\/locapial.org\/rallye-du-viaur\/wp-json\/wp\/v2\/pages"}],"about":[{"href":"http:\/\/locapial.org\/rallye-du-viaur\/wp-json\/wp\/v2\/types\/page"}],"author":[{"embeddable":true,"href":"http:\/\/locapial.org\/rallye-du-viaur\/wp-json\/wp\/v2\/users\/1"}],"replies":[{"embeddable":true,"href":"http:\/\/locapial.org\/rallye-du-viaur\/wp-json\/wp\/v2\/comments?post=1332"}],"version-history":[{"count":7,"href":"http:\/\/locapial.org\/rallye-du-viaur\/wp-json\/wp\/v2\/pages\/1332\/revisions"}],"predecessor-version":[{"id":2578,"href":"http:\/\/locapial.org\/rallye-du-viaur\/wp-json\/wp\/v2\/pages\/1332\/revisions\/2578"}],"wp:attachment":[{"href":"http:\/\/locapial.org\/rallye-du-viaur\/wp-json\/wp\/v2\/media?parent=1332"}],"curies":[{"name":"wp","href":"https:\/\/api.w.org\/{rel}","templated":true}]}}