{"id":12,"date":"2024-01-29T16:48:06","date_gmt":"2024-01-29T16:48:06","guid":{"rendered":"https:\/\/startersites.io\/blocksy\/smile-dent\/?page_id=12"},"modified":"2026-02-04T08:43:36","modified_gmt":"2026-02-04T07:43:36","slug":"tout-savoir-sur-le-rallye","status":"publish","type":"page","link":"https:\/\/locapial.org\/rallye-du-viaur\/tout-savoir-sur-le-rallye\/","title":{"rendered":"Tout savoir sur le Rallye"},"content":{"rendered":"\n<div class=\"wp-block-greenshift-blocks-row gspb_row gspb_row-id-gsbp-44398d9 gspb_row--gutter-custom-0\" id=\"gspb_row-id-gsbp-44398d9\"><div class=\"gspb_row__content\"> \n<div class=\"wp-block-greenshift-blocks-row-column gspb_row__col--8 gspb_row__col--md-12 gspb_col-id-gsbp-6f07b8a\" id=\"gspb_col-id-gsbp-6f07b8a\">\n<div class=\"wp-block-greenshift-blocks-image gspb_image gspb_image-id-gsbp-2120874\" id=\"gspb_image-id-gsbp-2120874\"><img decoding=\"async\" src=\"http:\/\/locapial.org\/rallye-du-viaur\/wp-content\/uploads\/2025\/01\/Viaur-Flauzins-1er-passage-1.jpg\" data-src=\"\" alt=\"Rallye du Viaur\" loading=\"lazy\" height=\"393\"\/><\/div>\n<\/div>\n\n\n\n<div class=\"wp-block-greenshift-blocks-row-column gspb_row__col--4 gspb_row__col--md-12 gspb_col-id-gsbp-bff518b\" id=\"gspb_col-id-gsbp-bff518b\">\n<h2 id=\"gspb_heading-id-gsbp-4cdc2ea\" class=\"gspb_heading gspb_heading-id-gsbp-4cdc2ea \">Le Rallye du Viaur c&rsquo;est<\/h2>\n\n\n\n<div id=\"gspb_text-id-gsbp-fb31242\" class=\"gspb_text gspb_text-id-gsbp-fb31242 \">. Le\u00a0matin une rando p\u00e9destre (voir <a href=\"http:\/\/locapial.org\/rallye-du-viaur\/randos-pedestres-vtt\/\">page Randonn\u00e9e<\/a>) de 12 km organis\u00e9e par\u00a0<strong>Viaur Vivant<\/strong>.<br>. Une descente de la rivi\u00e8re sur 15 km, encadr\u00e9e par\u00a0<strong>Lo Capial<\/strong>\u00a0et le\u00a0<strong>CDCK<\/strong>, ouverte \u00e0 tous les niveaux de navigation, des d\u00e9butant.e.s aux confirm\u00e9.e.s avec des formules adapt\u00e9es : DDS &amp; parcours d\u2019orientation.<br>. Un repas l\u00e9gendaire cuisin\u00e9 sur place par le\u00a0<strong>Comit\u00e9 des F\u00eates de Jouqueviel<\/strong>\u00a0+ l\u2019ap\u00e9ritif offert par Mme la Maire.<br>. Dans un lieu de verdure et d\u2019eau, au\u00a0<strong>camping du Gourpassou<\/strong>.<br>. Des alentours avec le Roc del Gorp, site d\u2019escalade et de via ferrata \u00e0 proximit\u00e9 du camping<br>avec des circuits de VTT<br>avec de multiples randos cyclotouristes<\/div>\n<\/div>\n <\/div><\/div>\n\n\n\n<hr class=\"wp-block-separator has-css-opacity is-style-default\"\/>\n\n\n\n<h2 class=\"wp-block-heading\" id=\"le-voyage-avait-commence-et-avait-commence-heureusement-avec-un-ciel-bleu-doux-et-une-mer-calme-1\" style=\"font-size:clamp(23.043px, 1.44rem + ((1vw - 3.2px) * 1.169), 38px);px;line-height:1.4\"><strong><strong>Le Rallye du Viaur c&rsquo;est<\/strong><\/strong> aussi<\/h2>\n\n\n\n<div class=\"wp-block-columns is-layout-flex wp-container-core-columns-is-layout-28f84493 wp-block-columns-is-layout-flex\">\n<div class=\"wp-block-column is-layout-flow wp-block-column-is-layout-flow\">\n<div class=\"wp-block-stackable-text stk-block-text stk-block stk-496be29\" data-block-id=\"496be29\"><p class=\"stk-block-text__text\">Une histoire d\u2019environ 41 ans \u00e0 l\u2019initiative de la section cano\u00eb-kayak du Capial et de l\u2019association Viaur Vivant. Cette alliance vient d\u2019un \u00e9v\u00e8nement pionnier (voir page <a href=\"http:\/\/locapial.org\/rallye-du-viaur\/le-rallye-et-la-vallee\/\">Le Rallye et la vall\u00e9e<\/a>).<\/p><\/div>\n\n\n\n<div class=\"wp-block-stackable-text stk-block-text stk-block stk-8f21034\" data-block-id=\"8f21034\"><p class=\"stk-block-text__text\">Depuis plus de 12 ans, se sont ajout\u00e9s le Comit\u00e9 des f\u00eates de Jouqueviel et le camping du Gourpassou. Le premier s\u2019occupe de la gastronomie, le second met \u00e0 disposition gratuitement espace et b\u00e2timent pour nous accueillir.<\/p><\/div>\n<\/div>\n\n\n\n<div class=\"wp-block-column is-layout-flow wp-block-column-is-layout-flow\">\n<p style=\"font-size:clamp(14px, 0.875rem + ((1vw - 3.2px) * 0.313), 18px);px\"><strong>Comment se poursuit cette journ\u00e9e?<\/strong><\/p>\n\n\n\n<p>\u00c0 l\u2019arriv\u00e9e, randonneurs et kayakistes se retrouvent au camping du Gourpassou pour un ap\u00e9ritif offert par la commune de Jouqueviel, suivi d\u2019un excellent repas propos\u00e9 \u00e0 petit prix par le comit\u00e9 des f\u00eates de Jouqueviel (entr\u00e9e, plat, dessert, vin et caf\u00e9). Entre 150 et 200 repas sont servis chaque ann\u00e9e.<\/p>\n\n\n\n<p>Ensuite, si le c\u0153ur vous en dit, vous pourrez profiter des alentours.<\/p>\n<\/div>\n<\/div>\n\n\n\n<div class=\"wp-block-greenshift-blocks-container gspb_container gspb_container-gsbp-b565ac4\" id=\"gspb_container-id-gsbp-b565ac4\">\n<h4 id=\"gspb_heading-id-gsbp-474dfa0\" class=\"gspb_heading gspb_heading-id-gsbp-474dfa0 \"><a href=\"http:\/\/locapial.org\/rallye-du-viaur\/dds-orientation-quesako\/\">Voir DDS &amp; PON<\/a><\/h4>\n\n\n\n<h4 id=\"gspb_heading-id-gsbp-d1b4c76\" class=\"gspb_heading gspb_heading-id-gsbp-d1b4c76 \"><strong>Pensez \u00e0 r\u00e9server avant le 22 avril 2026, le paiement se fait sur place (ch\u00e8que ou esp\u00e8<\/strong>ces)<\/h4>\n\n\n\n<div id=\"gspb_text-id-gsbp-2c13756\" class=\"gspb_text gspb_text-id-gsbp-2c13756 \"><strong>Cano\u00eb-Kayak<\/strong><br>Classe II avec 3 passages classe III.\u00a0<strong>Niveau pagaie jaune eaux vives<\/strong>\u00a0conseill\u00e9.<br>Ce rallye est ouvert \u00e0 tout.e licenci\u00e9.e de la F.F.C.K ou toute personne sportive qui sait nager.\u00a0 Les non adh\u00e9rents et non adh\u00e9rentes \u00e0 la FFCK doivent souscrire \u00e0 une assurance journali\u00e8re, la carte Loisir.. Vous profiterez de cette journ\u00e9e pour d\u00e9couvrir les fameuses gorges de Flauzins de plus de 200 m de profondeur. C\u2019est un site sauvage o\u00f9 l\u2019on ne peut naviguer qu\u2019avec un niveau d\u2019eau suffisant. Pour ce rallye, EDF, nous octroie le l\u00e2cher d\u2019eau qui a \u00e9t\u00e9 sollicit\u00e9 par le\u00a0<strong>Comit\u00e9 D\u00e9partemental Cano\u00eb Kayak du TARN (CDCK)<\/strong>.\u00a0\u00a0<strong>Chaque club assure la s\u00e9curit\u00e9 de ses adh\u00e9rents<\/strong>.<br>N\u2019oubliez pas:\u00a0<a href=\"http:\/\/locapial.org\/rallye-du-viaur\/debutants-dds-orientation\/\">parcours d\u2019orientation<\/a>\u00a0propos\u00e9 avec plan &amp; 4 balises \u00e0 poin\u00e7onner. La DDS (Descente D\u00e9couverte Sportive), encadr\u00e9e par un moniteur dipl\u00f4m\u00e9, bateau, casque, gilet et pagaie fournis.<br><br>Encadr\u00e9e par un moniteur dipl\u00f4m\u00e9, bateau, casque, gilet et pagaie fournis.<br>Pour sportifs de 15 ans et plus, <strong><strong><span style=\"color: #eb0303;\" class=\"stk-highlight\">chaussures ferm\u00e9es, coupe vent et pi\u00e8ce d&rsquo;identit\u00e9 sont obligatoires.<\/span><\/strong><\/strong>.<\/div>\n\n\n\n<div class=\"wp-block-buttons is-layout-flex wp-block-buttons-is-layout-flex\">\n<div class=\"wp-block-button\"><a class=\"wp-block-button__link wp-element-button\" href=\"http:\/\/locapial.org\/rallye-du-viaur\/reservation\/\">R\u00c9SERVATIONS<\/a><\/div>\n<\/div>\n<\/div>\n\n\n\n<div class=\"wp-block-greenshift-blocks-container alignfull gspb_container gspb_container-gsbp-318027b\" id=\"gspb_container-id-gsbp-318027b\"><\/div>\n","protected":false},"excerpt":{"rendered":"<p>Le Rallye du Viaur c&rsquo;est aussi Une histoire d\u2019environ 41 ans \u00e0 l\u2019initiative de la section cano\u00eb-kayak du Capial et de l\u2019association Viaur Vivant. Cette alliance vient d\u2019un \u00e9v\u00e8nement pionnier (voir page Le Rallye et la vall\u00e9e). Depuis plus de 12 ans, se sont ajout\u00e9s le Comit\u00e9 des f\u00eates de Jouqueviel et le camping du [&hellip;]<\/p>\n","protected":false},"author":1,"featured_media":0,"parent":0,"menu_order":0,"comment_status":"closed","ping_status":"closed","template":"","meta":{"_gspb_post_css":"#gspb_row-id-gsbp-44398d9{justify-content:space-between;margin-top:0;display:flex;flex-wrap:wrap;margin-bottom:28px}#gspb_row-id-gsbp-44398d9>.gspb_row__content{display:flex;justify-content:space-between;margin:0 auto;width:100%;flex-wrap:wrap}.gspb_row{position:relative}div[id^=gspb_col-id]{box-sizing:border-box;position:relative;padding:var(--gs-row-column-padding, 15px min(3vw, 20px))}@media (max-width:991.98px){#gspb_row-id-gsbp-44398d9>.gspb_row__content{row-gap:40px}}body.gspb-bodyfront #gspb_row-id-gsbp-44398d9>.gspb_row__content{width:var(--theme-container-width, 1200px);max-width:var(--theme-normal-container-max-width, 1200px)}@media (max-width:991.98px){#gspb_row-id-gsbp-44398d9{margin-bottom:80px}}@media (max-width:575.98px){#gspb_row-id-gsbp-44398d9{margin-bottom:60px}}#gspb_col-id-gsbp-6f07b8a.gspb_row__col--8{width:calc(66.66666666666667% - 50px)}@media (max-width:991.98px){#gspb_col-id-gsbp-6f07b8a.gspb_row__col--8{width:100%}}@media (max-width:767.98px){#gspb_col-id-gsbp-6f07b8a.gspb_row__col--8{width:calc(100% - 50px)}}@media (max-width:575.98px){#gspb_col-id-gsbp-6f07b8a.gspb_row__col--8{width:100%}}@media (min-width:992px){body.gspb-bodyfront #gspb_col-id-gsbp-6f07b8a.gspb_row__col--8{width:calc(55% - 0px - 50px)}}.gspb_row #gspb_col-id-gsbp-6f07b8a.gspb_row__col--8,.gspb_row #gspb_col-id-gsbp-bff518b.gspb_row__col--4{padding:0}@media (max-width:991.98px){#gspb_image-id-gsbp-2120874 img{object-fit:cover}}#gspb_image-id-gsbp-2120874 img{object-position:51% 49%}@media (max-width:991.98px){#gspb_image-id-gsbp-2120874 img{object-position:51% 16%}}#gspb_image-id-gsbp-2120874 img{vertical-align:top;display:inline-block;box-sizing:border-box;max-width:100%;border-top-left-radius:40px;border-top-right-radius:40px;border-bottom-right-radius:40px;border-bottom-left-radius:40px;width:custom}body.gspb-bodyfront #gspb_image-id-gsbp-2120874{position:relative;z-index:1}@media (max-width:991.98px){#gspb_image-id-gsbp-2120874 img{width:100%}}#gspb_image-id-gsbp-2120874,#gspb_image-id-gsbp-2120874 img{height:393px}@media (max-width:991.98px){#gspb_image-id-gsbp-2120874,#gspb_image-id-gsbp-2120874 img{height:400px}}#gspb_col-id-gsbp-bff518b.gspb_row__col--4{width:calc(33.333333333333336% - 50px)}@media (max-width:991.98px){#gspb_col-id-gsbp-bff518b.gspb_row__col--4{width:100%}}@media (max-width:767.98px){#gspb_col-id-gsbp-bff518b.gspb_row__col--4{width:calc(100% - 50px)}}@media (max-width:575.98px){#gspb_col-id-gsbp-bff518b.gspb_row__col--4{width:100%}}@media (min-width:992px){body.gspb-bodyfront #gspb_col-id-gsbp-bff518b.gspb_row__col--4{width:calc(44.989999999999995% - 0px - 50px)}}body #gspb_col-id-gsbp-bff518b.gspb_row__col--4{display:flex;flex-direction:column;justify-content:center}@media (max-width:991.98px){#gspb_heading-id-gsbp-4cdc2ea{font-size:30px}}@media (max-width:575.98px){#gspb_heading-id-gsbp-4cdc2ea{font-size:25px}}@media (max-width:991.98px){#gspb_heading-id-gsbp-4cdc2ea,#gspb_heading-id-gsbp-4cdc2ea .gsap-g-line{text-align:center!important}}#gspb_heading-id-gsbp-4cdc2ea{margin-top:0;margin-bottom:10px}@media (max-width:991.98px){.gspb_text-id-gsbp-fb31242,.gspb_text-id-gsbp-fb31242 .gsap-g-line{text-align:center!important}}.gspb_text-id-gsbp-fb31242{margin-bottom:30px!important}.gspb_container-id-gsbp-b565ac4{flex-direction:column;box-sizing:border-box}#gspb_container-id-gsbp-318027b.gspb_container>p:last-of-type,#gspb_container-id-gsbp-b565ac4.gspb_container>p:last-of-type{margin-bottom:0}#gspb_container-id-gsbp-b565ac4.gspb_container{position:relative;display:flex;flex-direction:column;align-items:center;margin-bottom:60px}@media (max-width:991.98px){#gspb_container-id-gsbp-b565ac4.gspb_container{margin-bottom:40px}#gspb_heading-id-gsbp-474dfa0{font-size:30px}}@media (max-width:575.98px){#gspb_heading-id-gsbp-474dfa0{font-size:25px}}#gspb_heading-id-gsbp-474dfa0,#gspb_heading-id-gsbp-474dfa0 .gsap-g-line{text-align:center!important}#gspb_heading-id-gsbp-474dfa0{margin-top:0;margin-bottom:10px}@media (max-width:991.98px){#gspb_heading-id-gsbp-d1b4c76{font-size:30px}}@media (max-width:575.98px){#gspb_heading-id-gsbp-d1b4c76{font-size:25px}}#gspb_heading-id-gsbp-d1b4c76,#gspb_heading-id-gsbp-d1b4c76 .gsap-g-line{text-align:center!important}#gspb_heading-id-gsbp-d1b4c76,#gspb_heading-id-gsbp-d1b4c76 a{text-decoration:none}#gspb_heading-id-gsbp-d1b4c76{margin-top:0;margin-bottom:10px;background-color:var(--wp--preset--color--palette-color-9, var(--theme-palette-color-9, #FFE8DA))}.gspb_text-id-gsbp-2c13756,.gspb_text-id-gsbp-2c13756 .gsap-g-line{text-align:left!important}.gspb_text-id-gsbp-2c13756{margin-bottom:0!important;max-width:600px}.gspb_container-id-gsbp-318027b{flex-direction:column;box-sizing:border-box}#gspb_container-id-gsbp-318027b.gspb_container{position:relative;background-color:var(--wp--preset--color--palette-color-7, var(--theme-palette-color-7, #F7FAFD));height:115px}","advgb_blocks_editor_width":"","advgb_blocks_columns_visual_guide":"","footnotes":""},"class_list":["post-12","page","type-page","status-publish","hentry"],"blocksy_meta":{"has_hero_section":"disabled","vertical_spacing_source":"custom","content_area_spacing":"none","styles_descriptor":{"styles":{"desktop":"","tablet":"","mobile":""},"google_fonts":[],"version":6}},"yoast_head":"<!-- This site is optimized with the Yoast SEO plugin v27.3 - https:\/\/yoast.com\/product\/yoast-seo-wordpress\/ -->\n<title>Tout savoir sur le Rallye - Le Rallye du Viaur<\/title>\n<meta name=\"robots\" content=\"index, follow, max-snippet:-1, max-image-preview:large, max-video-preview:-1\" \/>\n<link rel=\"canonical\" href=\"http:\/\/locapial.org\/rallye-du-viaur\/tout-savoir-sur-le-rallye\/\" \/>\n<meta property=\"og:locale\" content=\"fr_FR\" \/>\n<meta property=\"og:type\" content=\"article\" \/>\n<meta property=\"og:title\" content=\"Tout savoir sur le Rallye - Le Rallye du Viaur\" \/>\n<meta property=\"og:description\" content=\"Le Rallye du Viaur c&rsquo;est aussi Une histoire d\u2019environ 41 ans \u00e0 l\u2019initiative de la section cano\u00eb-kayak du Capial et de l\u2019association Viaur Vivant. Cette alliance vient d\u2019un \u00e9v\u00e8nement pionnier (voir page Le Rallye et la vall\u00e9e). Depuis plus de 12 ans, se sont ajout\u00e9s le Comit\u00e9 des f\u00eates de Jouqueviel et le camping du [&hellip;]\" \/>\n<meta property=\"og:url\" content=\"http:\/\/locapial.org\/rallye-du-viaur\/tout-savoir-sur-le-rallye\/\" \/>\n<meta property=\"og:site_name\" content=\"Le Rallye du Viaur\" \/>\n<meta property=\"article:publisher\" content=\"https:\/\/www.facebook.com\/locapial\/\" \/>\n<meta property=\"article:modified_time\" content=\"2026-02-04T07:43:36+00:00\" \/>\n<meta property=\"og:image\" content=\"http:\/\/locapial.org\/rallye-du-viaur\/wp-content\/uploads\/2025\/01\/Viaur-Flauzins-1er-passage-1.jpg\" \/>\n<meta name=\"twitter:card\" content=\"summary_large_image\" \/>\n<meta name=\"twitter:site\" content=\"@LoCapial\" \/>\n<meta name=\"twitter:label1\" content=\"Dur\u00e9e de lecture estim\u00e9e\" \/>\n\t<meta name=\"twitter:data1\" content=\"3 minutes\" \/>\n<script type=\"application\/ld+json\" class=\"yoast-schema-graph\">{\"@context\":\"https:\\\/\\\/schema.org\",\"@graph\":[{\"@type\":\"WebPage\",\"@id\":\"http:\\\/\\\/locapial.org\\\/rallye-du-viaur\\\/tout-savoir-sur-le-rallye\\\/\",\"url\":\"http:\\\/\\\/locapial.org\\\/rallye-du-viaur\\\/tout-savoir-sur-le-rallye\\\/\",\"name\":\"Tout savoir sur le Rallye - Le Rallye du Viaur\",\"isPartOf\":{\"@id\":\"https:\\\/\\\/locapial.org\\\/rallye-du-viaur\\\/#website\"},\"primaryImageOfPage\":{\"@id\":\"http:\\\/\\\/locapial.org\\\/rallye-du-viaur\\\/tout-savoir-sur-le-rallye\\\/#primaryimage\"},\"image\":{\"@id\":\"http:\\\/\\\/locapial.org\\\/rallye-du-viaur\\\/tout-savoir-sur-le-rallye\\\/#primaryimage\"},\"thumbnailUrl\":\"http:\\\/\\\/locapial.org\\\/rallye-du-viaur\\\/wp-content\\\/uploads\\\/2025\\\/01\\\/Viaur-Flauzins-1er-passage-1.jpg\",\"datePublished\":\"2024-01-29T16:48:06+00:00\",\"dateModified\":\"2026-02-04T07:43:36+00:00\",\"breadcrumb\":{\"@id\":\"http:\\\/\\\/locapial.org\\\/rallye-du-viaur\\\/tout-savoir-sur-le-rallye\\\/#breadcrumb\"},\"inLanguage\":\"fr-FR\",\"potentialAction\":[{\"@type\":\"ReadAction\",\"target\":[\"http:\\\/\\\/locapial.org\\\/rallye-du-viaur\\\/tout-savoir-sur-le-rallye\\\/\"]}]},{\"@type\":\"ImageObject\",\"inLanguage\":\"fr-FR\",\"@id\":\"http:\\\/\\\/locapial.org\\\/rallye-du-viaur\\\/tout-savoir-sur-le-rallye\\\/#primaryimage\",\"url\":\"http:\\\/\\\/locapial.org\\\/rallye-du-viaur\\\/wp-content\\\/uploads\\\/2025\\\/01\\\/Viaur-Flauzins-1er-passage-1.jpg\",\"contentUrl\":\"http:\\\/\\\/locapial.org\\\/rallye-du-viaur\\\/wp-content\\\/uploads\\\/2025\\\/01\\\/Viaur-Flauzins-1er-passage-1.jpg\"},{\"@type\":\"BreadcrumbList\",\"@id\":\"http:\\\/\\\/locapial.org\\\/rallye-du-viaur\\\/tout-savoir-sur-le-rallye\\\/#breadcrumb\",\"itemListElement\":[{\"@type\":\"ListItem\",\"position\":1,\"name\":\"Accueil\",\"item\":\"https:\\\/\\\/locapial.org\\\/rallye-du-viaur\\\/\"},{\"@type\":\"ListItem\",\"position\":2,\"name\":\"Tout savoir sur le Rallye\"}]},{\"@type\":\"WebSite\",\"@id\":\"https:\\\/\\\/locapial.org\\\/rallye-du-viaur\\\/#website\",\"url\":\"https:\\\/\\\/locapial.org\\\/rallye-du-viaur\\\/\",\"name\":\"Le Rallye du Viaur\",\"description\":\"\",\"publisher\":{\"@id\":\"https:\\\/\\\/locapial.org\\\/rallye-du-viaur\\\/#organization\"},\"potentialAction\":[{\"@type\":\"SearchAction\",\"target\":{\"@type\":\"EntryPoint\",\"urlTemplate\":\"https:\\\/\\\/locapial.org\\\/rallye-du-viaur\\\/?s={search_term_string}\"},\"query-input\":{\"@type\":\"PropertyValueSpecification\",\"valueRequired\":true,\"valueName\":\"search_term_string\"}}],\"inLanguage\":\"fr-FR\"},{\"@type\":\"Organization\",\"@id\":\"https:\\\/\\\/locapial.org\\\/rallye-du-viaur\\\/#organization\",\"name\":\"Lo Capial\",\"url\":\"https:\\\/\\\/locapial.org\\\/rallye-du-viaur\\\/\",\"logo\":{\"@type\":\"ImageObject\",\"inLanguage\":\"fr-FR\",\"@id\":\"https:\\\/\\\/locapial.org\\\/rallye-du-viaur\\\/#\\\/schema\\\/logo\\\/image\\\/\",\"url\":\"https:\\\/\\\/locapial.org\\\/rallye-du-viaur\\\/wp-content\\\/uploads\\\/2024\\\/11\\\/rallye-viaur.png\",\"contentUrl\":\"https:\\\/\\\/locapial.org\\\/rallye-du-viaur\\\/wp-content\\\/uploads\\\/2024\\\/11\\\/rallye-viaur.png\",\"width\":3401,\"height\":1202,\"caption\":\"Lo Capial\"},\"image\":{\"@id\":\"https:\\\/\\\/locapial.org\\\/rallye-du-viaur\\\/#\\\/schema\\\/logo\\\/image\\\/\"},\"sameAs\":[\"https:\\\/\\\/www.facebook.com\\\/locapial\\\/\",\"https:\\\/\\\/x.com\\\/LoCapial\",\"https:\\\/\\\/www.instagram.com\\\/locapial\\\/\",\"https:\\\/\\\/www.youtube.com\\\/channel\\\/UC4YYPurwxyGe_z6En37caOQ\"]}]}<\/script>\n<!-- \/ Yoast SEO plugin. -->","yoast_head_json":{"title":"Tout savoir sur le Rallye - Le Rallye du Viaur","robots":{"index":"index","follow":"follow","max-snippet":"max-snippet:-1","max-image-preview":"max-image-preview:large","max-video-preview":"max-video-preview:-1"},"canonical":"http:\/\/locapial.org\/rallye-du-viaur\/tout-savoir-sur-le-rallye\/","og_locale":"fr_FR","og_type":"article","og_title":"Tout savoir sur le Rallye - Le Rallye du Viaur","og_description":"Le Rallye du Viaur c&rsquo;est aussi Une histoire d\u2019environ 41 ans \u00e0 l\u2019initiative de la section cano\u00eb-kayak du Capial et de l\u2019association Viaur Vivant. Cette alliance vient d\u2019un \u00e9v\u00e8nement pionnier (voir page Le Rallye et la vall\u00e9e). Depuis plus de 12 ans, se sont ajout\u00e9s le Comit\u00e9 des f\u00eates de Jouqueviel et le camping du [&hellip;]","og_url":"http:\/\/locapial.org\/rallye-du-viaur\/tout-savoir-sur-le-rallye\/","og_site_name":"Le Rallye du Viaur","article_publisher":"https:\/\/www.facebook.com\/locapial\/","article_modified_time":"2026-02-04T07:43:36+00:00","og_image":[{"url":"http:\/\/locapial.org\/rallye-du-viaur\/wp-content\/uploads\/2025\/01\/Viaur-Flauzins-1er-passage-1.jpg","type":"","width":"","height":""}],"twitter_card":"summary_large_image","twitter_site":"@LoCapial","twitter_misc":{"Dur\u00e9e de lecture estim\u00e9e":"3 minutes"},"schema":{"@context":"https:\/\/schema.org","@graph":[{"@type":"WebPage","@id":"http:\/\/locapial.org\/rallye-du-viaur\/tout-savoir-sur-le-rallye\/","url":"http:\/\/locapial.org\/rallye-du-viaur\/tout-savoir-sur-le-rallye\/","name":"Tout savoir sur le Rallye - Le Rallye du Viaur","isPartOf":{"@id":"https:\/\/locapial.org\/rallye-du-viaur\/#website"},"primaryImageOfPage":{"@id":"http:\/\/locapial.org\/rallye-du-viaur\/tout-savoir-sur-le-rallye\/#primaryimage"},"image":{"@id":"http:\/\/locapial.org\/rallye-du-viaur\/tout-savoir-sur-le-rallye\/#primaryimage"},"thumbnailUrl":"http:\/\/locapial.org\/rallye-du-viaur\/wp-content\/uploads\/2025\/01\/Viaur-Flauzins-1er-passage-1.jpg","datePublished":"2024-01-29T16:48:06+00:00","dateModified":"2026-02-04T07:43:36+00:00","breadcrumb":{"@id":"http:\/\/locapial.org\/rallye-du-viaur\/tout-savoir-sur-le-rallye\/#breadcrumb"},"inLanguage":"fr-FR","potentialAction":[{"@type":"ReadAction","target":["http:\/\/locapial.org\/rallye-du-viaur\/tout-savoir-sur-le-rallye\/"]}]},{"@type":"ImageObject","inLanguage":"fr-FR","@id":"http:\/\/locapial.org\/rallye-du-viaur\/tout-savoir-sur-le-rallye\/#primaryimage","url":"http:\/\/locapial.org\/rallye-du-viaur\/wp-content\/uploads\/2025\/01\/Viaur-Flauzins-1er-passage-1.jpg","contentUrl":"http:\/\/locapial.org\/rallye-du-viaur\/wp-content\/uploads\/2025\/01\/Viaur-Flauzins-1er-passage-1.jpg"},{"@type":"BreadcrumbList","@id":"http:\/\/locapial.org\/rallye-du-viaur\/tout-savoir-sur-le-rallye\/#breadcrumb","itemListElement":[{"@type":"ListItem","position":1,"name":"Accueil","item":"https:\/\/locapial.org\/rallye-du-viaur\/"},{"@type":"ListItem","position":2,"name":"Tout savoir sur le Rallye"}]},{"@type":"WebSite","@id":"https:\/\/locapial.org\/rallye-du-viaur\/#website","url":"https:\/\/locapial.org\/rallye-du-viaur\/","name":"Le Rallye du Viaur","description":"","publisher":{"@id":"https:\/\/locapial.org\/rallye-du-viaur\/#organization"},"potentialAction":[{"@type":"SearchAction","target":{"@type":"EntryPoint","urlTemplate":"https:\/\/locapial.org\/rallye-du-viaur\/?s={search_term_string}"},"query-input":{"@type":"PropertyValueSpecification","valueRequired":true,"valueName":"search_term_string"}}],"inLanguage":"fr-FR"},{"@type":"Organization","@id":"https:\/\/locapial.org\/rallye-du-viaur\/#organization","name":"Lo Capial","url":"https:\/\/locapial.org\/rallye-du-viaur\/","logo":{"@type":"ImageObject","inLanguage":"fr-FR","@id":"https:\/\/locapial.org\/rallye-du-viaur\/#\/schema\/logo\/image\/","url":"https:\/\/locapial.org\/rallye-du-viaur\/wp-content\/uploads\/2024\/11\/rallye-viaur.png","contentUrl":"https:\/\/locapial.org\/rallye-du-viaur\/wp-content\/uploads\/2024\/11\/rallye-viaur.png","width":3401,"height":1202,"caption":"Lo Capial"},"image":{"@id":"https:\/\/locapial.org\/rallye-du-viaur\/#\/schema\/logo\/image\/"},"sameAs":["https:\/\/www.facebook.com\/locapial\/","https:\/\/x.com\/LoCapial","https:\/\/www.instagram.com\/locapial\/","https:\/\/www.youtube.com\/channel\/UC4YYPurwxyGe_z6En37caOQ"]}]}},"coauthors":[],"author_meta":{"author_link":"https:\/\/locapial.org\/rallye-du-viaur\/author\/administrateur\/","display_name":"administrateur"},"relative_dates":{"created":"Publi\u00e9 2 ans il y a","modified":"Mis \u00e0 jour 2 mois il y a"},"absolute_dates":{"created":"Publi\u00e9 le 29 janvier 2024","modified":"Mise \u00e0 jour le 4 f\u00e9vrier 2026"},"absolute_dates_time":{"created":"Publi\u00e9 le 29 janvier 2024 16 h 48 min","modified":"Mise \u00e0 jour le 4 f\u00e9vrier 2026 8 h 43 min"},"featured_img_caption":"","featured_img":false,"series_order":"","_links":{"self":[{"href":"https:\/\/locapial.org\/rallye-du-viaur\/wp-json\/wp\/v2\/pages\/12","targetHints":{"allow":["GET"]}}],"collection":[{"href":"https:\/\/locapial.org\/rallye-du-viaur\/wp-json\/wp\/v2\/pages"}],"about":[{"href":"https:\/\/locapial.org\/rallye-du-viaur\/wp-json\/wp\/v2\/types\/page"}],"author":[{"embeddable":true,"href":"https:\/\/locapial.org\/rallye-du-viaur\/wp-json\/wp\/v2\/users\/1"}],"replies":[{"embeddable":true,"href":"https:\/\/locapial.org\/rallye-du-viaur\/wp-json\/wp\/v2\/comments?post=12"}],"version-history":[{"count":32,"href":"https:\/\/locapial.org\/rallye-du-viaur\/wp-json\/wp\/v2\/pages\/12\/revisions"}],"predecessor-version":[{"id":2678,"href":"https:\/\/locapial.org\/rallye-du-viaur\/wp-json\/wp\/v2\/pages\/12\/revisions\/2678"}],"wp:attachment":[{"href":"https:\/\/locapial.org\/rallye-du-viaur\/wp-json\/wp\/v2\/media?parent=12"}],"curies":[{"name":"wp","href":"https:\/\/api.w.org\/{rel}","templated":true}]}}