{"id":2169,"date":"2023-05-26T15:26:21","date_gmt":"2023-05-26T13:26:21","guid":{"rendered":"http:\/\/locapial.org\/rallye-du-viaur\/?page_id=2169"},"modified":"2025-05-24T20:27:40","modified_gmt":"2025-05-24T18:27:40","slug":"echos-rallye-2025","status":"publish","type":"page","link":"https:\/\/locapial.org\/rallye-du-viaur\/echos-rallye-2025\/","title":{"rendered":"Echos rallye 2025"},"content":{"rendered":"\n<div class=\"wp-block-columns is-layout-flex wp-container-core-columns-is-layout-28f84493 wp-block-columns-is-layout-flex\">\n<div class=\"wp-block-column is-layout-flow wp-block-column-is-layout-flow\" style=\"flex-basis:100%\">\n<div class=\"wp-block-group alignfull has-background is-layout-flow wp-block-group-is-layout-flow\" style=\"background-color:#f2f0e9\">\n<div style=\"height:70px\" aria-hidden=\"true\" class=\"wp-block-spacer\"><\/div>\n\n\n\n<div class=\"wp-block-columns alignwide are-vertically-aligned-center is-layout-flex wp-container-core-columns-is-layout-28f84493 wp-block-columns-is-layout-flex\">\n<div class=\"wp-block-column is-layout-flow wp-block-column-is-layout-flow\" style=\"flex-basis:50%\">\n<p class=\"has-text-color\" style=\"color:#000000;font-size:clamp(18.959px, 1.185rem + ((1vw - 3.2px) * 0.863), 30px);line-height:1.1\"><strong>Rallye du Viaur dimanche 20 avril 2025<\/strong><\/p>\n<\/div>\n\n\n\n<div class=\"wp-block-column is-layout-flow wp-block-column-is-layout-flow\" style=\"flex-basis:50%\">\n<hr class=\"wp-block-separator has-text-color has-css-opacity has-background is-style-wide\" style=\"background-color:#000000;color:#000000\"\/>\n<\/div>\n<\/div>\n\n\n\n<div class=\"wp-block-columns alignwide is-layout-flex wp-container-core-columns-is-layout-28f84493 wp-block-columns-is-layout-flex\">\n<div class=\"wp-block-column is-layout-flow wp-block-column-is-layout-flow\">\n<p><strong>Souvenirs, souvenirs,<\/strong><\/p>\n\n\n\n<p>Mieux que des mots, des photos et des vid\u00e9os. Et de belles images.<\/p>\n\n\n\n<p>Merci \u00e0 Didier &amp; C\u00e9dric,<br>Merci \u00e0 Angel photographe et vid\u00e9aste Go Pro,<br>Merci \u00e0 Cathy et Jean-Christophe de Provence<br>Merci au photographe de Muret pour ces instantan\u00e9s en pleine action.<br>Ci-contre quelques mots de la marche par un membre de Viaur Vivant<\/p>\n\n\n\n<p>Dans la colonne de drote vous pouvez lire une r\u00e9trospective rapide<\/p>\n\n\n\n<p><strong>Rendez-vous en 2026 !<\/strong><\/p>\n<\/div>\n\n\n\n<div class=\"wp-block-column is-layout-flow wp-block-column-is-layout-flow\">\n<p>Le XIi<sub><sup>\u00e8me<\/sup><\/sub> rallye du Viaur avec maintenant une coop\u00e9ration p\u00e9renne entre Lo Capial et Viaur Vivant.<\/p>\n\n\n\n<p>C\u2018est donc en attendant les canoes partis sur les gorges de Flauzins qu\u2019une soixantaine de randonneurs ont pu admirer ces gorges, d\u2019abord dans la mont\u00e9e vers LAURELIE et la chapelle des INFOURNATS et<br>ensuite pour rejoindre le village de BOR et son couvent.<br>La d\u00e9couverte dans la descente du tr\u00e8s typique et indissociable village de BAR nous am\u00e8ne vers le site d\u2019escalade de Gorb et sa via ferrata .<\/p>\n\n\n\n<p>L\u2019arriv\u00e9e au camping du GOURPASSOU o\u00f9 ce petit monde est accueillit dans la bonne humeur par l\u2019ap\u00e9ro et les choux farcis du comit\u00e9 des f\u00eates de Jouqueviel.<\/p>\n\n\n\n<p>La pluie \u00e9tant r\u00e9serv\u00e9e aux canoes arriv\u00e9s peu apr\u00e8s.<\/p>\n<\/div>\n\n\n\n<div class=\"wp-block-column is-layout-flow wp-block-column-is-layout-flow\">\n<p><strong>Dans les ann\u00e9es 80<\/strong><br>Premier rallye du Viaur organis\u00e9 par la section cano\u00eb-kayak de la Maison d\u2019animation Lo Capial (Saint-Ju\u00e9ry, Tarn)<\/p>\n\n\n\n<p><strong>D\u00e9but des ann\u00e9es 90<\/strong><br>L\u2019association Viaur Vivant devient coorganisatrice du Rallye et, depuis, propose des randonn\u00e9es p\u00e9destres.<\/p>\n\n\n\n<p><strong>2013<\/strong><br>Mutation du rallye, les activit\u00e9s se d\u00e9placent de l\u2019apr\u00e8s-midi \u00e0 la matin\u00e9e gr\u00e2ce \u00e0 de nouveaux partenaires : le Comit\u00e9 des F\u00eates de Jouqueviel pour les repas et le camping du Gourpassou pour le lieu d\u2019arriv\u00e9e.<\/p>\n\n\n\n<p><strong>2018<\/strong><br>Nouveau partenaire : le Comit\u00e9 D\u00e9partemental de Cano\u00eb Kayak du Tarn.<\/p>\n\n\n\n<p>Il est propos\u00e9, depuis, une descente encadr\u00e9e &amp; un jeu gratuit, le parcours d\u2019orientation nautique avec ses balises \u00e0 poin\u00e7onner.<\/p>\n\n\n\n<p><strong>2022<\/strong><br>Participation officielle des \u00e9coles de pagaies du Tarn encadr\u00e9es par le CDCK.<\/p>\n<\/div>\n<\/div>\n<\/div>\n<\/div>\n<\/div>\n\n\n\n<div class=\"wp-block-advgb-button aligncenter is-style-default\"><a class=\"wp-block-advgb-button_link advgbbtn-2e2b9a68-eb5f-4609-85d5-943c474f8a56\" href=\"https:\/\/nas-locapial.fr1.quickconnect.to\/?launchApp=SYNO.Foto.AppInstance#\/shared_space\/folder\/204\" target=\"_blank\" rel=\"noopener noreferrer\"><span>Cliquez ici pour voir toutes les photos du Rallye du Viaur 2025 <\/span><\/a><\/div>\n\n\n\n<figure class=\"wp-block-gallery has-nested-images columns-default is-cropped wp-block-gallery-1 is-layout-flex wp-block-gallery-is-layout-flex\">\n<figure class=\"wp-block-image size-large\"><img loading=\"lazy\" decoding=\"async\" width=\"1000\" height=\"563\" data-id=\"2192\" src=\"http:\/\/locapial.org\/rallye-du-viaur\/wp-content\/uploads\/2023\/05\/01-avril_-base-depart-pour-le-Viaur.jpg\" alt=\"Rallye Viaur 2023\" class=\"wp-image-2192\" srcset=\"https:\/\/locapial.org\/rallye-du-viaur\/wp-content\/uploads\/2023\/05\/01-avril_-base-depart-pour-le-Viaur.jpg 1000w, https:\/\/locapial.org\/rallye-du-viaur\/wp-content\/uploads\/2023\/05\/01-avril_-base-depart-pour-le-Viaur-300x169.jpg 300w, https:\/\/locapial.org\/rallye-du-viaur\/wp-content\/uploads\/2023\/05\/01-avril_-base-depart-pour-le-Viaur-768x432.jpg 768w\" sizes=\"auto, (max-width: 1000px) 100vw, 1000px\" \/><\/figure>\n\n\n\n<figure class=\"wp-block-image size-large\"><img loading=\"lazy\" decoding=\"async\" width=\"1000\" height=\"563\" data-id=\"2188\" src=\"http:\/\/locapial.org\/rallye-du-viaur\/wp-content\/uploads\/2023\/05\/01-avril_-comment-va-la-riviere.jpg\" alt=\"Rallye Viaur 2023\" class=\"wp-image-2188\" srcset=\"https:\/\/locapial.org\/rallye-du-viaur\/wp-content\/uploads\/2023\/05\/01-avril_-comment-va-la-riviere.jpg 1000w, https:\/\/locapial.org\/rallye-du-viaur\/wp-content\/uploads\/2023\/05\/01-avril_-comment-va-la-riviere-300x169.jpg 300w, https:\/\/locapial.org\/rallye-du-viaur\/wp-content\/uploads\/2023\/05\/01-avril_-comment-va-la-riviere-768x432.jpg 768w\" sizes=\"auto, (max-width: 1000px) 100vw, 1000px\" \/><\/figure>\n\n\n\n<figure class=\"wp-block-image size-large\"><img loading=\"lazy\" decoding=\"async\" width=\"1000\" height=\"751\" data-id=\"2189\" src=\"http:\/\/locapial.org\/rallye-du-viaur\/wp-content\/uploads\/2023\/05\/04_-les-inscriptions-debutent.jpg\" alt=\"Rallye Viaur 2023\" class=\"wp-image-2189\" srcset=\"https:\/\/locapial.org\/rallye-du-viaur\/wp-content\/uploads\/2023\/05\/04_-les-inscriptions-debutent.jpg 1000w, https:\/\/locapial.org\/rallye-du-viaur\/wp-content\/uploads\/2023\/05\/04_-les-inscriptions-debutent-300x225.jpg 300w, https:\/\/locapial.org\/rallye-du-viaur\/wp-content\/uploads\/2023\/05\/04_-les-inscriptions-debutent-768x577.jpg 768w\" sizes=\"auto, (max-width: 1000px) 100vw, 1000px\" \/><\/figure>\n\n\n\n<figure class=\"wp-block-image size-large\"><img loading=\"lazy\" decoding=\"async\" width=\"1000\" height=\"750\" data-id=\"2190\" src=\"http:\/\/locapial.org\/rallye-du-viaur\/wp-content\/uploads\/2023\/05\/08_ecoles-de-pagaies-sans-papy.jpg\" alt=\"Rallye Viaur 2023\" class=\"wp-image-2190\" srcset=\"https:\/\/locapial.org\/rallye-du-viaur\/wp-content\/uploads\/2023\/05\/08_ecoles-de-pagaies-sans-papy.jpg 1000w, https:\/\/locapial.org\/rallye-du-viaur\/wp-content\/uploads\/2023\/05\/08_ecoles-de-pagaies-sans-papy-300x225.jpg 300w, https:\/\/locapial.org\/rallye-du-viaur\/wp-content\/uploads\/2023\/05\/08_ecoles-de-pagaies-sans-papy-768x576.jpg 768w\" sizes=\"auto, (max-width: 1000px) 100vw, 1000px\" \/><\/figure>\n\n\n\n<figure class=\"wp-block-image size-large\"><img loading=\"lazy\" decoding=\"async\" width=\"1000\" height=\"667\" data-id=\"2191\" src=\"http:\/\/locapial.org\/rallye-du-viaur\/wp-content\/uploads\/2023\/05\/11_la-vague-est-la.jpg\" alt=\"Rallye Viaur 2023\" class=\"wp-image-2191\" srcset=\"https:\/\/locapial.org\/rallye-du-viaur\/wp-content\/uploads\/2023\/05\/11_la-vague-est-la.jpg 1000w, https:\/\/locapial.org\/rallye-du-viaur\/wp-content\/uploads\/2023\/05\/11_la-vague-est-la-300x200.jpg 300w, https:\/\/locapial.org\/rallye-du-viaur\/wp-content\/uploads\/2023\/05\/11_la-vague-est-la-768x512.jpg 768w\" sizes=\"auto, (max-width: 1000px) 100vw, 1000px\" \/><\/figure>\n\n\n\n<figure class=\"wp-block-image size-large\"><img loading=\"lazy\" decoding=\"async\" width=\"1000\" height=\"667\" data-id=\"2187\" src=\"http:\/\/locapial.org\/rallye-du-viaur\/wp-content\/uploads\/2023\/05\/48_-etape-3-pas-tout-a-fait.jpg\" alt=\"Rallye Viaur 2023\" class=\"wp-image-2187\" srcset=\"https:\/\/locapial.org\/rallye-du-viaur\/wp-content\/uploads\/2023\/05\/48_-etape-3-pas-tout-a-fait.jpg 1000w, https:\/\/locapial.org\/rallye-du-viaur\/wp-content\/uploads\/2023\/05\/48_-etape-3-pas-tout-a-fait-300x200.jpg 300w, https:\/\/locapial.org\/rallye-du-viaur\/wp-content\/uploads\/2023\/05\/48_-etape-3-pas-tout-a-fait-768x512.jpg 768w\" sizes=\"auto, (max-width: 1000px) 100vw, 1000px\" \/><\/figure>\n<\/figure>\n<style class=\"advgb-styles-renderer\">.advgbbtn-2e2b9a68-eb5f-4609-85d5-943c474f8a56{font-size:18px;color:#fff !important;background-color:var(--theme-palette-color-1, #5a8139) !important;margin:0px 0px 0px 0px !important;padding:10px 30px 10px 30px;border-width:1px !important;border-style:none;border-radius:50px !important;}.advgbbtn-2e2b9a68-eb5f-4609-85d5-943c474f8a56:hover{box-shadow:1px 1px 12px 0px #ccc;opacity:1;transition:all 0.2s ease;}.advgbbtn-2e2b9a68-eb5f-4609-85d5-943c474f8a56 > i {display: none !important;}<\/style>","protected":false},"excerpt":{"rendered":"<p>Rallye du Viaur dimanche 20 avril 2025 Souvenirs, souvenirs, Mieux que des mots, des photos et des vid\u00e9os. Et de belles images. Merci \u00e0 Didier &amp; C\u00e9dric,Merci \u00e0 Angel photographe et vid\u00e9aste Go Pro,Merci \u00e0 Cathy et Jean-Christophe de ProvenceMerci au photographe de Muret pour ces instantan\u00e9s en pleine action.Ci-contre quelques mots de la marche [&hellip;]<\/p>\n","protected":false},"author":1,"featured_media":0,"parent":0,"menu_order":0,"comment_status":"closed","ping_status":"closed","template":"","meta":{"_gspb_post_css":"","advgb_blocks_editor_width":"","advgb_blocks_columns_visual_guide":"","footnotes":""},"class_list":["post-2169","page","type-page","status-publish","hentry"],"blocksy_meta":[],"yoast_head":"<!-- This site is optimized with the Yoast SEO plugin v27.3 - https:\/\/yoast.com\/product\/yoast-seo-wordpress\/ -->\n<title>Echos rallye 2025 - Le Rallye du Viaur<\/title>\n<meta name=\"robots\" content=\"index, follow, max-snippet:-1, max-image-preview:large, max-video-preview:-1\" \/>\n<link rel=\"canonical\" href=\"http:\/\/locapial.org\/rallye-du-viaur\/echos-rallye-2025\/\" \/>\n<meta property=\"og:locale\" content=\"fr_FR\" \/>\n<meta property=\"og:type\" content=\"article\" \/>\n<meta property=\"og:title\" content=\"Echos rallye 2025 - Le Rallye du Viaur\" \/>\n<meta property=\"og:description\" content=\"Rallye du Viaur dimanche 20 avril 2025 Souvenirs, souvenirs, Mieux que des mots, des photos et des vid\u00e9os. Et de belles images. Merci \u00e0 Didier &amp; C\u00e9dric,Merci \u00e0 Angel photographe et vid\u00e9aste Go Pro,Merci \u00e0 Cathy et Jean-Christophe de ProvenceMerci au photographe de Muret pour ces instantan\u00e9s en pleine action.Ci-contre quelques mots de la marche [&hellip;]\" \/>\n<meta property=\"og:url\" content=\"http:\/\/locapial.org\/rallye-du-viaur\/echos-rallye-2025\/\" \/>\n<meta property=\"og:site_name\" content=\"Le Rallye du Viaur\" \/>\n<meta property=\"article:publisher\" content=\"https:\/\/www.facebook.com\/locapial\/\" \/>\n<meta property=\"article:modified_time\" content=\"2025-05-24T18:27:40+00:00\" \/>\n<meta property=\"og:image\" content=\"http:\/\/locapial.org\/rallye-du-viaur\/wp-content\/uploads\/2023\/05\/01-avril_-base-depart-pour-le-Viaur.jpg\" \/>\n<meta name=\"twitter:card\" content=\"summary_large_image\" \/>\n<meta name=\"twitter:site\" content=\"@LoCapial\" \/>\n<meta name=\"twitter:label1\" content=\"Dur\u00e9e de lecture estim\u00e9e\" \/>\n\t<meta name=\"twitter:data1\" content=\"3 minutes\" \/>\n<script type=\"application\/ld+json\" class=\"yoast-schema-graph\">{\"@context\":\"https:\\\/\\\/schema.org\",\"@graph\":[{\"@type\":\"WebPage\",\"@id\":\"http:\\\/\\\/locapial.org\\\/rallye-du-viaur\\\/echos-rallye-2025\\\/\",\"url\":\"http:\\\/\\\/locapial.org\\\/rallye-du-viaur\\\/echos-rallye-2025\\\/\",\"name\":\"Echos rallye 2025 - Le Rallye du Viaur\",\"isPartOf\":{\"@id\":\"https:\\\/\\\/locapial.org\\\/rallye-du-viaur\\\/#website\"},\"primaryImageOfPage\":{\"@id\":\"http:\\\/\\\/locapial.org\\\/rallye-du-viaur\\\/echos-rallye-2025\\\/#primaryimage\"},\"image\":{\"@id\":\"http:\\\/\\\/locapial.org\\\/rallye-du-viaur\\\/echos-rallye-2025\\\/#primaryimage\"},\"thumbnailUrl\":\"http:\\\/\\\/locapial.org\\\/rallye-du-viaur\\\/wp-content\\\/uploads\\\/2023\\\/05\\\/01-avril_-base-depart-pour-le-Viaur.jpg\",\"datePublished\":\"2023-05-26T13:26:21+00:00\",\"dateModified\":\"2025-05-24T18:27:40+00:00\",\"breadcrumb\":{\"@id\":\"http:\\\/\\\/locapial.org\\\/rallye-du-viaur\\\/echos-rallye-2025\\\/#breadcrumb\"},\"inLanguage\":\"fr-FR\",\"potentialAction\":[{\"@type\":\"ReadAction\",\"target\":[\"http:\\\/\\\/locapial.org\\\/rallye-du-viaur\\\/echos-rallye-2025\\\/\"]}]},{\"@type\":\"ImageObject\",\"inLanguage\":\"fr-FR\",\"@id\":\"http:\\\/\\\/locapial.org\\\/rallye-du-viaur\\\/echos-rallye-2025\\\/#primaryimage\",\"url\":\"https:\\\/\\\/locapial.org\\\/rallye-du-viaur\\\/wp-content\\\/uploads\\\/2023\\\/05\\\/01-avril_-base-depart-pour-le-Viaur.jpg\",\"contentUrl\":\"https:\\\/\\\/locapial.org\\\/rallye-du-viaur\\\/wp-content\\\/uploads\\\/2023\\\/05\\\/01-avril_-base-depart-pour-le-Viaur.jpg\",\"width\":1000,\"height\":563,\"caption\":\"Rallye Viaur 2023\"},{\"@type\":\"BreadcrumbList\",\"@id\":\"http:\\\/\\\/locapial.org\\\/rallye-du-viaur\\\/echos-rallye-2025\\\/#breadcrumb\",\"itemListElement\":[{\"@type\":\"ListItem\",\"position\":1,\"name\":\"Accueil\",\"item\":\"https:\\\/\\\/locapial.org\\\/rallye-du-viaur\\\/\"},{\"@type\":\"ListItem\",\"position\":2,\"name\":\"Echos rallye 2025\"}]},{\"@type\":\"WebSite\",\"@id\":\"https:\\\/\\\/locapial.org\\\/rallye-du-viaur\\\/#website\",\"url\":\"https:\\\/\\\/locapial.org\\\/rallye-du-viaur\\\/\",\"name\":\"Le Rallye du Viaur\",\"description\":\"\",\"publisher\":{\"@id\":\"https:\\\/\\\/locapial.org\\\/rallye-du-viaur\\\/#organization\"},\"potentialAction\":[{\"@type\":\"SearchAction\",\"target\":{\"@type\":\"EntryPoint\",\"urlTemplate\":\"https:\\\/\\\/locapial.org\\\/rallye-du-viaur\\\/?s={search_term_string}\"},\"query-input\":{\"@type\":\"PropertyValueSpecification\",\"valueRequired\":true,\"valueName\":\"search_term_string\"}}],\"inLanguage\":\"fr-FR\"},{\"@type\":\"Organization\",\"@id\":\"https:\\\/\\\/locapial.org\\\/rallye-du-viaur\\\/#organization\",\"name\":\"Lo Capial\",\"url\":\"https:\\\/\\\/locapial.org\\\/rallye-du-viaur\\\/\",\"logo\":{\"@type\":\"ImageObject\",\"inLanguage\":\"fr-FR\",\"@id\":\"https:\\\/\\\/locapial.org\\\/rallye-du-viaur\\\/#\\\/schema\\\/logo\\\/image\\\/\",\"url\":\"https:\\\/\\\/locapial.org\\\/rallye-du-viaur\\\/wp-content\\\/uploads\\\/2024\\\/11\\\/rallye-viaur.png\",\"contentUrl\":\"https:\\\/\\\/locapial.org\\\/rallye-du-viaur\\\/wp-content\\\/uploads\\\/2024\\\/11\\\/rallye-viaur.png\",\"width\":3401,\"height\":1202,\"caption\":\"Lo Capial\"},\"image\":{\"@id\":\"https:\\\/\\\/locapial.org\\\/rallye-du-viaur\\\/#\\\/schema\\\/logo\\\/image\\\/\"},\"sameAs\":[\"https:\\\/\\\/www.facebook.com\\\/locapial\\\/\",\"https:\\\/\\\/x.com\\\/LoCapial\",\"https:\\\/\\\/www.instagram.com\\\/locapial\\\/\",\"https:\\\/\\\/www.youtube.com\\\/channel\\\/UC4YYPurwxyGe_z6En37caOQ\"]}]}<\/script>\n<!-- \/ Yoast SEO plugin. -->","yoast_head_json":{"title":"Echos rallye 2025 - Le Rallye du Viaur","robots":{"index":"index","follow":"follow","max-snippet":"max-snippet:-1","max-image-preview":"max-image-preview:large","max-video-preview":"max-video-preview:-1"},"canonical":"http:\/\/locapial.org\/rallye-du-viaur\/echos-rallye-2025\/","og_locale":"fr_FR","og_type":"article","og_title":"Echos rallye 2025 - Le Rallye du Viaur","og_description":"Rallye du Viaur dimanche 20 avril 2025 Souvenirs, souvenirs, Mieux que des mots, des photos et des vid\u00e9os. Et de belles images. Merci \u00e0 Didier &amp; C\u00e9dric,Merci \u00e0 Angel photographe et vid\u00e9aste Go Pro,Merci \u00e0 Cathy et Jean-Christophe de ProvenceMerci au photographe de Muret pour ces instantan\u00e9s en pleine action.Ci-contre quelques mots de la marche [&hellip;]","og_url":"http:\/\/locapial.org\/rallye-du-viaur\/echos-rallye-2025\/","og_site_name":"Le Rallye du Viaur","article_publisher":"https:\/\/www.facebook.com\/locapial\/","article_modified_time":"2025-05-24T18:27:40+00:00","og_image":[{"url":"http:\/\/locapial.org\/rallye-du-viaur\/wp-content\/uploads\/2023\/05\/01-avril_-base-depart-pour-le-Viaur.jpg","type":"","width":"","height":""}],"twitter_card":"summary_large_image","twitter_site":"@LoCapial","twitter_misc":{"Dur\u00e9e de lecture estim\u00e9e":"3 minutes"},"schema":{"@context":"https:\/\/schema.org","@graph":[{"@type":"WebPage","@id":"http:\/\/locapial.org\/rallye-du-viaur\/echos-rallye-2025\/","url":"http:\/\/locapial.org\/rallye-du-viaur\/echos-rallye-2025\/","name":"Echos rallye 2025 - Le Rallye du Viaur","isPartOf":{"@id":"https:\/\/locapial.org\/rallye-du-viaur\/#website"},"primaryImageOfPage":{"@id":"http:\/\/locapial.org\/rallye-du-viaur\/echos-rallye-2025\/#primaryimage"},"image":{"@id":"http:\/\/locapial.org\/rallye-du-viaur\/echos-rallye-2025\/#primaryimage"},"thumbnailUrl":"http:\/\/locapial.org\/rallye-du-viaur\/wp-content\/uploads\/2023\/05\/01-avril_-base-depart-pour-le-Viaur.jpg","datePublished":"2023-05-26T13:26:21+00:00","dateModified":"2025-05-24T18:27:40+00:00","breadcrumb":{"@id":"http:\/\/locapial.org\/rallye-du-viaur\/echos-rallye-2025\/#breadcrumb"},"inLanguage":"fr-FR","potentialAction":[{"@type":"ReadAction","target":["http:\/\/locapial.org\/rallye-du-viaur\/echos-rallye-2025\/"]}]},{"@type":"ImageObject","inLanguage":"fr-FR","@id":"http:\/\/locapial.org\/rallye-du-viaur\/echos-rallye-2025\/#primaryimage","url":"https:\/\/locapial.org\/rallye-du-viaur\/wp-content\/uploads\/2023\/05\/01-avril_-base-depart-pour-le-Viaur.jpg","contentUrl":"https:\/\/locapial.org\/rallye-du-viaur\/wp-content\/uploads\/2023\/05\/01-avril_-base-depart-pour-le-Viaur.jpg","width":1000,"height":563,"caption":"Rallye Viaur 2023"},{"@type":"BreadcrumbList","@id":"http:\/\/locapial.org\/rallye-du-viaur\/echos-rallye-2025\/#breadcrumb","itemListElement":[{"@type":"ListItem","position":1,"name":"Accueil","item":"https:\/\/locapial.org\/rallye-du-viaur\/"},{"@type":"ListItem","position":2,"name":"Echos rallye 2025"}]},{"@type":"WebSite","@id":"https:\/\/locapial.org\/rallye-du-viaur\/#website","url":"https:\/\/locapial.org\/rallye-du-viaur\/","name":"Le Rallye du Viaur","description":"","publisher":{"@id":"https:\/\/locapial.org\/rallye-du-viaur\/#organization"},"potentialAction":[{"@type":"SearchAction","target":{"@type":"EntryPoint","urlTemplate":"https:\/\/locapial.org\/rallye-du-viaur\/?s={search_term_string}"},"query-input":{"@type":"PropertyValueSpecification","valueRequired":true,"valueName":"search_term_string"}}],"inLanguage":"fr-FR"},{"@type":"Organization","@id":"https:\/\/locapial.org\/rallye-du-viaur\/#organization","name":"Lo Capial","url":"https:\/\/locapial.org\/rallye-du-viaur\/","logo":{"@type":"ImageObject","inLanguage":"fr-FR","@id":"https:\/\/locapial.org\/rallye-du-viaur\/#\/schema\/logo\/image\/","url":"https:\/\/locapial.org\/rallye-du-viaur\/wp-content\/uploads\/2024\/11\/rallye-viaur.png","contentUrl":"https:\/\/locapial.org\/rallye-du-viaur\/wp-content\/uploads\/2024\/11\/rallye-viaur.png","width":3401,"height":1202,"caption":"Lo Capial"},"image":{"@id":"https:\/\/locapial.org\/rallye-du-viaur\/#\/schema\/logo\/image\/"},"sameAs":["https:\/\/www.facebook.com\/locapial\/","https:\/\/x.com\/LoCapial","https:\/\/www.instagram.com\/locapial\/","https:\/\/www.youtube.com\/channel\/UC4YYPurwxyGe_z6En37caOQ"]}]}},"coauthors":[],"author_meta":{"author_link":"https:\/\/locapial.org\/rallye-du-viaur\/author\/administrateur\/","display_name":"administrateur"},"relative_dates":{"created":"Publi\u00e9 3 ans il y a","modified":"Mis \u00e0 jour 11 mois il y a"},"absolute_dates":{"created":"Publi\u00e9 le 26 mai 2023","modified":"Mise \u00e0 jour le 24 mai 2025"},"absolute_dates_time":{"created":"Publi\u00e9 le 26 mai 2023 15 h 26 min","modified":"Mise \u00e0 jour le 24 mai 2025 20 h 27 min"},"featured_img_caption":"","featured_img":false,"series_order":"","_links":{"self":[{"href":"https:\/\/locapial.org\/rallye-du-viaur\/wp-json\/wp\/v2\/pages\/2169","targetHints":{"allow":["GET"]}}],"collection":[{"href":"https:\/\/locapial.org\/rallye-du-viaur\/wp-json\/wp\/v2\/pages"}],"about":[{"href":"https:\/\/locapial.org\/rallye-du-viaur\/wp-json\/wp\/v2\/types\/page"}],"author":[{"embeddable":true,"href":"https:\/\/locapial.org\/rallye-du-viaur\/wp-json\/wp\/v2\/users\/1"}],"replies":[{"embeddable":true,"href":"https:\/\/locapial.org\/rallye-du-viaur\/wp-json\/wp\/v2\/comments?post=2169"}],"version-history":[{"count":17,"href":"https:\/\/locapial.org\/rallye-du-viaur\/wp-json\/wp\/v2\/pages\/2169\/revisions"}],"predecessor-version":[{"id":2664,"href":"https:\/\/locapial.org\/rallye-du-viaur\/wp-json\/wp\/v2\/pages\/2169\/revisions\/2664"}],"wp:attachment":[{"href":"https:\/\/locapial.org\/rallye-du-viaur\/wp-json\/wp\/v2\/media?parent=2169"}],"curies":[{"name":"wp","href":"https:\/\/api.w.org\/{rel}","templated":true}]}}