{"id":547,"date":"2018-11-05T10:43:24","date_gmt":"2018-11-05T09:43:24","guid":{"rendered":"http:\/\/locapial.org\/rallye-du-viaur\/?page_id=547"},"modified":"2026-02-04T09:39:23","modified_gmt":"2026-02-04T08:39:23","slug":"inscription-rallye-du-viaur-2026","status":"publish","type":"page","link":"https:\/\/locapial.org\/rallye-du-viaur\/inscription-rallye-du-viaur-2026\/","title":{"rendered":"Inscription Rallye du Viaur 2026"},"content":{"rendered":"\n<p>Vous cherchez le d\u00e9paysement, vous aimez le sport au grand air ou simplement fl\u00e2ner, prenez date le dimanche de fin avril pour le Rallye du Viaur.<\/p>\n\n\n\n<p>Le rallye du Viaur est une manifestation de sports de nature et de convivialit\u00e9.<br>A 40 km d&rsquo;Albi, 30 km de Villefranche-de-Rouergue, 50 km de Rodez, c&rsquo;est l&rsquo;occasion de d\u00e9couvrir, d&rsquo;appr\u00e9cier les gorges d&rsquo;une rivi\u00e8re sauvage d&rsquo;Occitanie.<\/p>\n\n\n\n<ul class=\"wp-block-list\">\n<li>Vous aimez marcher, partez pour une rando de 12km environ, balis\u00e9e par l&rsquo;association Viaur Vivant, chaque ann\u00e9e diff\u00e9rente.<\/li>\n\n\n\n<li>Vous aimez naviguer les rivi\u00e8res, vous voulez d\u00e9couvrir le cano\u00eb kayak de fa\u00e7on plus engag\u00e9e, descendez la rivi\u00e8re sur 15 km. Libres ou encadr\u00e9s, vous pouvez choisir parmi plusieurs formules que Lo Capial vous propose en partenariat avec le CDCK<strong>.<\/strong><\/li>\n\n\n\n<li>Vous pouvez aussi escalader les parois \u00e9quip\u00e9es du Roc del Gorp, suivre sa via ferrata. VTTistes, vous pouvez tester l&rsquo;accroche des pneus le long des circuits qui suivent le Viaur.<\/li>\n<\/ul>\n\n\n\n<p>En matin\u00e9e, chaque discipline sportive suit un parcours sp\u00e9cifique pour converger au camping du Gourpassou. Tout le monde se retrouve autour d&rsquo;un repas l\u00e9gendaire cuisin\u00e9 par le Comit\u00e9 des F\u00eates de Jouqueviel.<\/p>\n\n\n\n<p><strong>LE RALLYE ET LA VALLEE<\/strong><\/p>\n\n\n\n<p>Le rallye est intimement li\u00e9 \u00e0 la lutte contre la disparition de ce tron\u00e7on de la vall\u00e9e du Viaur par noyade. Fin des ann\u00e9es 80, un barrage d&rsquo;\u00e9tiage \u00e9tait pr\u00e9vu pour r\u00e9guler les eaux de la Garonne. L&rsquo;association Viaur Vivant a \u00e9t\u00e9 constitu\u00e9e pour combattre ce projet et tout autre projet qui d\u00e9t\u00e9riorerait la biodiversit\u00e9 du site. Le barrage ne s&rsquo;est pas fait et depuis il a \u00e9t\u00e9 entrepris de multiples actions de pr\u00e9servation et de valorisation de ce milieu sauvage. <br>Le rallye s&rsquo;inscrit dans cet esprit et veut faire partager la beaut\u00e9 de cet environnement.<\/p>\n\n\n\n<p><strong>LE RALLYE ET LES KAYAKISTES DEBUTANTS<\/strong><\/p>\n\n\n\n<p>Pour les kayakistes qui d\u00e9butent dans ce sport, les rapides de la rivi\u00e8re sont de bons espaces d&rsquo;entra\u00eenements : stops, bacs, reprises, etc.<br>Le l\u00e2cher d&rsquo;eau garanti par EDF, vous permet d&rsquo;\u00eatre assur\u00e9s d&rsquo;un bon niveau d&rsquo;eau.<br>D&rsquo;ailleurs les jeunes des \u00e9coles de pagaies du Tarn s&rsquo;y aff\u00fbtent avant, peut-\u00eatre, de monter en difficult\u00e9 \u00e0 la Concentration du Haut Agout en octobre.<\/p>\n\n\n\n<p><strong>LA D.D.S<\/strong><\/p>\n\n\n\n<p>DDS est l&rsquo;abr\u00e9viation de Descente D\u00e9couverte Sportive. <br>Vous avez une certaine pratique sportive et pas de contre-indication m\u00e9dicale, vous savez nager ou vous ne craignez pas d&rsquo;aller \u00e0 l&rsquo;eau, mais vous n&rsquo;avez jamais ou peu pratiqu\u00e9 le kayak en eaux vives, alors vous pouvez y aller, la DDS est pour vous. <br>Vous b\u00e9n\u00e9ficierez d&rsquo;une information sur le mat\u00e9riel, les gestes et attitudes \u00e0 conna\u00eetre quand on navigue. Cette information vous sera donn\u00e9e par des intervenants dipl\u00f4m\u00e9s d&rsquo;\u00e9tat avant la descente en rivi\u00e8re.<br>Vous serez en tandem dans un kayak biplace, souvent appel\u00e9 cano\u00eb, on vous fournit casque, gilet flottant et double pagaie (pagaie \u00e0 2 pales). Pour le pr\u00eat de ce mat\u00e9riel, <span style=\"color: #f00069;\" class=\"stk-highlight\">une pi\u00e8ce d&rsquo;identit\u00e9 est exig\u00e9e<\/span>.\u00a0A vous d&rsquo;amener un coupe-vent et des chaussures qui peuvent aller dans l\u2019eau.<br>Ce parcours du Viaur n&rsquo;est pas consid\u00e9r\u00e9 difficile par des kayakistes confirm\u00e9s mais il est class\u00e9 2 en eaux vives* avec 3 passages class\u00e9s 3, \u00e9chelle qui compte 6 classes potentiellement navigables.<br>Donc, depuis quelques ann\u00e9es, nous avons pr\u00e9vu une descente encadr\u00e9e par des moniteurs dipl\u00f4m\u00e9s. Ils vous accompagnent pour que vous viviez de beaux moments et veillent \u00e0 votre s\u00e9curit\u00e9 surtout dans les passages difficiles.<\/p>\n\n\n\n<p>Si la formule vous convient, n&rsquo;attendez pas pour vous inscrire car la capacit\u00e9 d&rsquo;encadrement** que nous vous proposons est limit\u00e9e.<\/p>\n\n\n\n<p>*eaux vives : puissance et difficult\u00e9s rencontr\u00e9es dans l&rsquo;\u00e9coulement de l&rsquo;eau de rivi\u00e8re)<br>**capacit\u00e9 d&rsquo;encadrement : 1 moniteur pour 7 bateaux biplaces<\/p>\n\n\n\n<p><strong>LE PARCOURS D&rsquo;ORIENTATION NAUTIQUE<\/strong><\/p>\n\n\n\n<p>L\u00e0 aussi une nouveaut\u00e9 Rallye du Viaur. Il s&rsquo;agit de poin\u00e7onner une fiche carte imperm\u00e9able avec les 4 balises \u00e0 trouver sur les 10 diss\u00e9min\u00e9es le long du cours d&rsquo;eau. C&rsquo;est une \u00e9preuve tr\u00e8s appr\u00e9ci\u00e9e notamment par les plus jeunes.<br>Vous \u00eates l\u00e0 pour profiter du cadre naturel, donc ce n&rsquo;est pas chronom\u00e9tr\u00e9 !<\/p>\n\n\n\n<p>Si vous avez tout juste, il y aura un tirage au sort qui vous fera, peut-\u00eatre, gagner un lot de produits locaux ou une prestation (descente de rivi\u00e8re gratuite, place de camping, etc.)<\/p>\n\n\n\n<p>L&rsquo;inscription pour le Parcours d&rsquo;Orientation se fait sur place, le matin m\u00eame de la descente et les places ne sont pas limit\u00e9es.<\/p>\n\n\n\n<div class=\"wp-block-stackable-button-group stk-block-button-group stk-block stk-09002ab\" data-block-id=\"09002ab\"><div class=\"stk-row stk-inner-blocks stk-block-content stk-button-group\">\n<div class=\"wp-block-stackable-button stk-block-button stk-block stk-d476491\" data-block-id=\"d476491\"><a class=\"stk-link stk-button stk--hover-effect-darken\" href=\"http:\/\/locapial.org\/rallye-du-viaur\/reservations\/\"><span class=\"stk-button__inner-text\">R\u00c9SERVATION<\/span><\/a><\/div>\n<\/div><\/div>\n","protected":false},"excerpt":{"rendered":"<p>Vous cherchez le d\u00e9paysement, vous aimez le sport au grand air ou simplement fl\u00e2ner, prenez date le dimanche de fin avril pour le Rallye du Viaur. Le rallye du Viaur est une manifestation de sports de nature et de convivialit\u00e9.A 40 km d&rsquo;Albi, 30 km de Villefranche-de-Rouergue, 50 km de Rodez, c&rsquo;est l&rsquo;occasion de d\u00e9couvrir, [&hellip;]<\/p>\n","protected":false},"author":1,"featured_media":0,"parent":0,"menu_order":0,"comment_status":"closed","ping_status":"closed","template":"","meta":{"_gspb_post_css":"","advgb_blocks_editor_width":"","advgb_blocks_columns_visual_guide":"","footnotes":""},"class_list":["post-547","page","type-page","status-publish","hentry"],"blocksy_meta":{"styles_descriptor":{"styles":{"desktop":"","tablet":"","mobile":""},"google_fonts":[],"version":6}},"yoast_head":"<!-- This site is optimized with the Yoast SEO plugin v27.3 - https:\/\/yoast.com\/product\/yoast-seo-wordpress\/ -->\n<title>Inscription Rallye du Viaur 2026 - Le Rallye du Viaur<\/title>\n<meta name=\"robots\" content=\"index, follow, max-snippet:-1, max-image-preview:large, max-video-preview:-1\" \/>\n<link rel=\"canonical\" href=\"https:\/\/locapial.org\/rallye-du-viaur\/inscription-rallye-du-viaur-2026\/\" \/>\n<meta property=\"og:locale\" content=\"fr_FR\" \/>\n<meta property=\"og:type\" content=\"article\" \/>\n<meta property=\"og:title\" content=\"Inscription Rallye du Viaur 2026 - Le Rallye du Viaur\" \/>\n<meta property=\"og:description\" content=\"Vous cherchez le d\u00e9paysement, vous aimez le sport au grand air ou simplement fl\u00e2ner, prenez date le dimanche de fin avril pour le Rallye du Viaur. Le rallye du Viaur est une manifestation de sports de nature et de convivialit\u00e9.A 40 km d&rsquo;Albi, 30 km de Villefranche-de-Rouergue, 50 km de Rodez, c&rsquo;est l&rsquo;occasion de d\u00e9couvrir, [&hellip;]\" \/>\n<meta property=\"og:url\" content=\"https:\/\/locapial.org\/rallye-du-viaur\/inscription-rallye-du-viaur-2026\/\" \/>\n<meta property=\"og:site_name\" content=\"Le Rallye du Viaur\" \/>\n<meta property=\"article:publisher\" content=\"https:\/\/www.facebook.com\/locapial\/\" \/>\n<meta property=\"article:modified_time\" content=\"2026-02-04T08:39:23+00:00\" \/>\n<meta name=\"twitter:card\" content=\"summary_large_image\" \/>\n<meta name=\"twitter:site\" content=\"@LoCapial\" \/>\n<meta name=\"twitter:label1\" content=\"Dur\u00e9e de lecture estim\u00e9e\" \/>\n\t<meta name=\"twitter:data1\" content=\"4 minutes\" \/>\n<script type=\"application\/ld+json\" class=\"yoast-schema-graph\">{\"@context\":\"https:\\\/\\\/schema.org\",\"@graph\":[{\"@type\":\"WebPage\",\"@id\":\"https:\\\/\\\/locapial.org\\\/rallye-du-viaur\\\/inscription-rallye-du-viaur-2026\\\/\",\"url\":\"https:\\\/\\\/locapial.org\\\/rallye-du-viaur\\\/inscription-rallye-du-viaur-2026\\\/\",\"name\":\"Inscription Rallye du Viaur 2026 - Le Rallye du Viaur\",\"isPartOf\":{\"@id\":\"https:\\\/\\\/locapial.org\\\/rallye-du-viaur\\\/#website\"},\"datePublished\":\"2018-11-05T09:43:24+00:00\",\"dateModified\":\"2026-02-04T08:39:23+00:00\",\"breadcrumb\":{\"@id\":\"https:\\\/\\\/locapial.org\\\/rallye-du-viaur\\\/inscription-rallye-du-viaur-2026\\\/#breadcrumb\"},\"inLanguage\":\"fr-FR\",\"potentialAction\":[{\"@type\":\"ReadAction\",\"target\":[\"https:\\\/\\\/locapial.org\\\/rallye-du-viaur\\\/inscription-rallye-du-viaur-2026\\\/\"]}]},{\"@type\":\"BreadcrumbList\",\"@id\":\"https:\\\/\\\/locapial.org\\\/rallye-du-viaur\\\/inscription-rallye-du-viaur-2026\\\/#breadcrumb\",\"itemListElement\":[{\"@type\":\"ListItem\",\"position\":1,\"name\":\"Accueil\",\"item\":\"https:\\\/\\\/locapial.org\\\/rallye-du-viaur\\\/\"},{\"@type\":\"ListItem\",\"position\":2,\"name\":\"Inscription Rallye du Viaur 2026\"}]},{\"@type\":\"WebSite\",\"@id\":\"https:\\\/\\\/locapial.org\\\/rallye-du-viaur\\\/#website\",\"url\":\"https:\\\/\\\/locapial.org\\\/rallye-du-viaur\\\/\",\"name\":\"Le Rallye du Viaur\",\"description\":\"\",\"publisher\":{\"@id\":\"https:\\\/\\\/locapial.org\\\/rallye-du-viaur\\\/#organization\"},\"potentialAction\":[{\"@type\":\"SearchAction\",\"target\":{\"@type\":\"EntryPoint\",\"urlTemplate\":\"https:\\\/\\\/locapial.org\\\/rallye-du-viaur\\\/?s={search_term_string}\"},\"query-input\":{\"@type\":\"PropertyValueSpecification\",\"valueRequired\":true,\"valueName\":\"search_term_string\"}}],\"inLanguage\":\"fr-FR\"},{\"@type\":\"Organization\",\"@id\":\"https:\\\/\\\/locapial.org\\\/rallye-du-viaur\\\/#organization\",\"name\":\"Lo Capial\",\"url\":\"https:\\\/\\\/locapial.org\\\/rallye-du-viaur\\\/\",\"logo\":{\"@type\":\"ImageObject\",\"inLanguage\":\"fr-FR\",\"@id\":\"https:\\\/\\\/locapial.org\\\/rallye-du-viaur\\\/#\\\/schema\\\/logo\\\/image\\\/\",\"url\":\"https:\\\/\\\/locapial.org\\\/rallye-du-viaur\\\/wp-content\\\/uploads\\\/2024\\\/11\\\/rallye-viaur.png\",\"contentUrl\":\"https:\\\/\\\/locapial.org\\\/rallye-du-viaur\\\/wp-content\\\/uploads\\\/2024\\\/11\\\/rallye-viaur.png\",\"width\":3401,\"height\":1202,\"caption\":\"Lo Capial\"},\"image\":{\"@id\":\"https:\\\/\\\/locapial.org\\\/rallye-du-viaur\\\/#\\\/schema\\\/logo\\\/image\\\/\"},\"sameAs\":[\"https:\\\/\\\/www.facebook.com\\\/locapial\\\/\",\"https:\\\/\\\/x.com\\\/LoCapial\",\"https:\\\/\\\/www.instagram.com\\\/locapial\\\/\",\"https:\\\/\\\/www.youtube.com\\\/channel\\\/UC4YYPurwxyGe_z6En37caOQ\"]}]}<\/script>\n<!-- \/ Yoast SEO plugin. -->","yoast_head_json":{"title":"Inscription Rallye du Viaur 2026 - Le Rallye du Viaur","robots":{"index":"index","follow":"follow","max-snippet":"max-snippet:-1","max-image-preview":"max-image-preview:large","max-video-preview":"max-video-preview:-1"},"canonical":"https:\/\/locapial.org\/rallye-du-viaur\/inscription-rallye-du-viaur-2026\/","og_locale":"fr_FR","og_type":"article","og_title":"Inscription Rallye du Viaur 2026 - Le Rallye du Viaur","og_description":"Vous cherchez le d\u00e9paysement, vous aimez le sport au grand air ou simplement fl\u00e2ner, prenez date le dimanche de fin avril pour le Rallye du Viaur. Le rallye du Viaur est une manifestation de sports de nature et de convivialit\u00e9.A 40 km d&rsquo;Albi, 30 km de Villefranche-de-Rouergue, 50 km de Rodez, c&rsquo;est l&rsquo;occasion de d\u00e9couvrir, [&hellip;]","og_url":"https:\/\/locapial.org\/rallye-du-viaur\/inscription-rallye-du-viaur-2026\/","og_site_name":"Le Rallye du Viaur","article_publisher":"https:\/\/www.facebook.com\/locapial\/","article_modified_time":"2026-02-04T08:39:23+00:00","twitter_card":"summary_large_image","twitter_site":"@LoCapial","twitter_misc":{"Dur\u00e9e de lecture estim\u00e9e":"4 minutes"},"schema":{"@context":"https:\/\/schema.org","@graph":[{"@type":"WebPage","@id":"https:\/\/locapial.org\/rallye-du-viaur\/inscription-rallye-du-viaur-2026\/","url":"https:\/\/locapial.org\/rallye-du-viaur\/inscription-rallye-du-viaur-2026\/","name":"Inscription Rallye du Viaur 2026 - Le Rallye du Viaur","isPartOf":{"@id":"https:\/\/locapial.org\/rallye-du-viaur\/#website"},"datePublished":"2018-11-05T09:43:24+00:00","dateModified":"2026-02-04T08:39:23+00:00","breadcrumb":{"@id":"https:\/\/locapial.org\/rallye-du-viaur\/inscription-rallye-du-viaur-2026\/#breadcrumb"},"inLanguage":"fr-FR","potentialAction":[{"@type":"ReadAction","target":["https:\/\/locapial.org\/rallye-du-viaur\/inscription-rallye-du-viaur-2026\/"]}]},{"@type":"BreadcrumbList","@id":"https:\/\/locapial.org\/rallye-du-viaur\/inscription-rallye-du-viaur-2026\/#breadcrumb","itemListElement":[{"@type":"ListItem","position":1,"name":"Accueil","item":"https:\/\/locapial.org\/rallye-du-viaur\/"},{"@type":"ListItem","position":2,"name":"Inscription Rallye du Viaur 2026"}]},{"@type":"WebSite","@id":"https:\/\/locapial.org\/rallye-du-viaur\/#website","url":"https:\/\/locapial.org\/rallye-du-viaur\/","name":"Le Rallye du Viaur","description":"","publisher":{"@id":"https:\/\/locapial.org\/rallye-du-viaur\/#organization"},"potentialAction":[{"@type":"SearchAction","target":{"@type":"EntryPoint","urlTemplate":"https:\/\/locapial.org\/rallye-du-viaur\/?s={search_term_string}"},"query-input":{"@type":"PropertyValueSpecification","valueRequired":true,"valueName":"search_term_string"}}],"inLanguage":"fr-FR"},{"@type":"Organization","@id":"https:\/\/locapial.org\/rallye-du-viaur\/#organization","name":"Lo Capial","url":"https:\/\/locapial.org\/rallye-du-viaur\/","logo":{"@type":"ImageObject","inLanguage":"fr-FR","@id":"https:\/\/locapial.org\/rallye-du-viaur\/#\/schema\/logo\/image\/","url":"https:\/\/locapial.org\/rallye-du-viaur\/wp-content\/uploads\/2024\/11\/rallye-viaur.png","contentUrl":"https:\/\/locapial.org\/rallye-du-viaur\/wp-content\/uploads\/2024\/11\/rallye-viaur.png","width":3401,"height":1202,"caption":"Lo Capial"},"image":{"@id":"https:\/\/locapial.org\/rallye-du-viaur\/#\/schema\/logo\/image\/"},"sameAs":["https:\/\/www.facebook.com\/locapial\/","https:\/\/x.com\/LoCapial","https:\/\/www.instagram.com\/locapial\/","https:\/\/www.youtube.com\/channel\/UC4YYPurwxyGe_z6En37caOQ"]}]}},"coauthors":[],"author_meta":{"author_link":"https:\/\/locapial.org\/rallye-du-viaur\/author\/administrateur\/","display_name":"administrateur"},"relative_dates":{"created":"Publi\u00e9 7 ans il y a","modified":"Mis \u00e0 jour 2 mois il y a"},"absolute_dates":{"created":"Publi\u00e9 le 5 novembre 2018","modified":"Mise \u00e0 jour le 4 f\u00e9vrier 2026"},"absolute_dates_time":{"created":"Publi\u00e9 le 5 novembre 2018 10 h 43 min","modified":"Mise \u00e0 jour le 4 f\u00e9vrier 2026 9 h 39 min"},"featured_img_caption":"","featured_img":false,"series_order":"","_links":{"self":[{"href":"https:\/\/locapial.org\/rallye-du-viaur\/wp-json\/wp\/v2\/pages\/547","targetHints":{"allow":["GET"]}}],"collection":[{"href":"https:\/\/locapial.org\/rallye-du-viaur\/wp-json\/wp\/v2\/pages"}],"about":[{"href":"https:\/\/locapial.org\/rallye-du-viaur\/wp-json\/wp\/v2\/types\/page"}],"author":[{"embeddable":true,"href":"https:\/\/locapial.org\/rallye-du-viaur\/wp-json\/wp\/v2\/users\/1"}],"replies":[{"embeddable":true,"href":"https:\/\/locapial.org\/rallye-du-viaur\/wp-json\/wp\/v2\/comments?post=547"}],"version-history":[{"count":14,"href":"https:\/\/locapial.org\/rallye-du-viaur\/wp-json\/wp\/v2\/pages\/547\/revisions"}],"predecessor-version":[{"id":2698,"href":"https:\/\/locapial.org\/rallye-du-viaur\/wp-json\/wp\/v2\/pages\/547\/revisions\/2698"}],"wp:attachment":[{"href":"https:\/\/locapial.org\/rallye-du-viaur\/wp-json\/wp\/v2\/media?parent=547"}],"curies":[{"name":"wp","href":"https:\/\/api.w.org\/{rel}","templated":true}]}}